{"id":596,"date":"2023-11-21T12:21:45","date_gmt":"2023-11-21T11:21:45","guid":{"rendered":"https:\/\/cnt.cat\/cornella\/?page_id=596"},"modified":"2023-12-13T11:27:41","modified_gmt":"2023-12-13T10:27:41","slug":"accio-social","status":"publish","type":"page","link":"https:\/\/cnt.cat\/cornella\/accio-social\/","title":{"rendered":"L\u2019Acci\u00f3 Social de la CNT"},"content":{"rendered":"<div class=\"gb-container gb-container-bd6a384e\">\n<div class=\"gb-container gb-container-3a3a2388\">\n\n<h3 class=\"gb-headline gb-headline-4c85d01d gb-headline-text frase_ressaltada-petita-b\">La pr\u00e0ctica anarcosindicalista i llibert\u00e0ria ha incl\u00f2s i vinculat sempre les lluites socials i culturals amb les lluites econ\u00f2miques i sindicals de les classes treballadores. Molts dels actuals moviments socials es poden rastrejar en el moviment llibertari de principis del segle XX, on les q\u00fcestions socials es vinculaven amb el moviment sindical de manera natural a trav\u00e9s d&#8217;una rica xarxa d&#8217;ateneus , escoles, col\u00b7lectius i iniciatives de tota mena sostingudes per i vinculades als sindicats de la CNT.<\/h3>\n\n\n\n<p class=\"gb-headline gb-headline-497d8e33 gb-headline-text\">La influ\u00e8ncia de les idees llibert\u00e0ries est\u00e0 en el germen dels moviments socials que han anat sorgint des dels anys 60 i 70 , i han influ\u00eft en les pr\u00e0ctiques i propostes de bona part dels moviment social anticapitalistes a tot el m\u00f3n. Moviments com l&#8217;antimilitarisme, l&#8217;ecologisme radical o el moviment okupa compten amb evidents connexions amb els nostres principis i t\u00e0ctiques. No \u00e9s dif\u00edcil rastrejar pr\u00e0ctiques i modes llibertaris en les formis organitzatives i en els discursos d&#8217;altres moviments socials.<\/p>\n\n\n\n<h3 class=\"gb-headline gb-headline-b2e87fb5 frase_ressaltada-petita-b\"><span class=\"gb-icon\"><svg viewBox=\"0 0 100 100\" xmlns=\"http:\/\/www.w3.org\/2000\/svg\" id=\"uuid-df89fad2-1bdb-49c0-9fc5-1c175e0ca151\"><g opacity=\".2\"><path stroke-width=\"0\" d=\"m30.92977,80.32414c-4.79552.10509-8.28624-1.43147-10.47493-4.61189-2.18868-3.17821-3.18042-7.11419-2.97024-11.80351.20742-3.33529.91098-6.87967,2.11069-10.6309,1.19694-3.75234,2.97024-7.63412,5.31545-11.64753,2.34466-4.0112,5.23691-7.99807,8.67674-11.95949l5.7845,4.37737c-1.14827,1.35514-2.50175,3.41494-4.06486,6.175-1.56366,2.76227-2.9459,5.7845-4.14284,9.0678-1.19971,3.2833-1.85183,6.43607-1.95416,9.4583.83244-.20797,1.45802-.3374,1.87562-.3905.41539-.05199.88443-.07854,1.40713-.07854,2.81426,0,5.2889.80866,7.42615,2.42265,2.13503,1.61731,3.09967,4.24904,2.89225,7.89519-.10509,3.12732-1.2777,5.86304-3.51782,8.20825-2.24234,2.34522-5.02949,3.51782-8.36368,3.51782Zm29.70403,0c-4.79497.10509-8.28569-1.43147-10.47437-4.61189-2.18924-3.17821-3.18097-7.11419-2.97079-11.80351.20797-3.33529.91154-6.87967,2.11069-10.6309,1.19694-3.75234,2.97024-7.63412,5.31545-11.64753,2.34522-4.0112,5.23746-7.99807,8.67674-11.95949l5.7845,4.37737c-1.14827,1.35514-2.50119,3.41494-4.06486,6.175-1.56311,2.76227-2.9459,5.7845-4.14284,9.0678-1.19916,3.2833-1.85183,6.43607-1.95416,9.4583.83299-.20797,1.45857-.3374,1.87617-.3905.41539-.05199.88388-.07854,1.40713-.07854,2.8137,0,5.28835.80866,7.42559,2.42265,2.13503,1.61731,3.10022,4.24904,2.89225,7.89519-.10454,3.12732-1.27715,5.86304-3.51727,8.20825-2.24234,2.34522-5.03004,3.51782-8.36423,3.51782Z\"><\/path><\/g><path stroke-width=\"0\" d=\"m35.92977,75.32414c-4.79552.10509-8.28624-1.43147-10.47493-4.61189-2.18868-3.17821-3.18042-7.11419-2.97024-11.80351.20742-3.33529.91098-6.87967,2.11069-10.6309,1.19694-3.75234,2.97024-7.63412,5.31545-11.64753,2.34466-4.0112,5.23691-7.99807,8.67674-11.95949l5.7845,4.37737c-1.14827,1.35514-2.50175,3.41494-4.06486,6.175-1.56366,2.76227-2.9459,5.7845-4.14284,9.0678-1.19971,3.2833-1.85183,6.43607-1.95416,9.4583.83244-.20797,1.45802-.3374,1.87562-.3905.41539-.05199.88443-.07854,1.40713-.07854,2.81426,0,5.2889.80866,7.42615,2.42265,2.13503,1.61731,3.09967,4.24904,2.89225,7.89519-.10509,3.12732-1.2777,5.86304-3.51782,8.20825-2.24234,2.34522-5.02949,3.51782-8.36368,3.51782Zm29.70403,0c-4.79497.10509-8.28569-1.43147-10.47437-4.61189-2.18924-3.17821-3.18097-7.11419-2.97079-11.80351.20797-3.33529.91154-6.87967,2.11069-10.6309,1.19694-3.75234,2.97024-7.63412,5.31545-11.64753,2.34522-4.0112,5.23746-7.99807,8.67674-11.95949l5.7845,4.37737c-1.14827,1.35514-2.50119,3.41494-4.06486,6.175-1.56311,2.76227-2.9459,5.7845-4.14284,9.0678-1.19916,3.2833-1.85183,6.43607-1.95416,9.4583.83299-.20797,1.45857-.3374,1.87617-.3905.41539-.05199.88388-.07854,1.40713-.07854,2.8137,0,5.28835.80866,7.42559,2.42265,2.13503,1.61731,3.10022,4.24904,2.89225,7.89519-.10454,3.12732-1.27715,5.86304-3.51727,8.20825-2.24234,2.34522-5.03004,3.51782-8.36423,3.51782Z\"><\/path><\/svg><\/span><span class=\"gb-headline-text\">D&#8217;igual forma l&#8217;explotaci\u00f3 capitalista s&#8217;est\u00e9n m\u00e9s enll\u00e0 de les relacions laborals&#8230;<\/span><\/h3>\n\n\n\n<p class=\"gb-headline gb-headline-c4eec613 gb-headline-text\">D&#8217;igual forma l&#8217;explotaci\u00f3 capitalista s&#8217;est\u00e9n m\u00e9s enll\u00e0 de les relacions laborals o de l&#8217;explotaci\u00f3 humana a trav\u00e9s de l&#8217;extracci\u00f3 de la plusv\u00e0lua. La destrucci\u00f3 del medi natural, la xenof\u00f2bia, la desigualtat, i la sobreexplotaci\u00f3 en les relacions mercantils cap als pa\u00efsos que denominen del tercer m\u00f3n (incloent el propi \u00e9sser hum\u00e0 com una mercaderia), la p\u00e8rdua de biodiversitat gen\u00e8tica, com la re\u00efficaci\u00f3 dels animals, entre altres, no poden ser ignorades per cap organitzaci\u00f3 que aspiri a un canvi radical i revolucionari de societat.<\/p>\n\n\n\n<p class=\"gb-headline gb-headline-bd55acee gb-headline-text\">Defensem que l&#8217;anarcosindicalisme ha d&#8217;implicar-se amb for\u00e7a en les q\u00fcestions socials, i participar i debatre amb els moviments socials. Vivim una situaci\u00f3 social on les noves formes de treball, la precarietat, la temporalitat i la fragmentaci\u00f3 de les plantilles en les diverses formes d\u2019externalitzaci\u00f3, subcontractaci\u00f3 i treball aut\u00f2nom fan que el lloc de treball no sigui per a molts treballadors un espai de socialitzaci\u00f3 o de polititzaci\u00f3, o que ni tan sols sigui percebut com l&#8217;objectiu de lluita prioritari, fins i tot per a aquells\/as treballadors\/as m\u00e9s conscienciats\/as amb els problemes de la societat capitalista.<\/p>\n\n\n\n<h3 class=\"gb-headline gb-headline-203f690b frase_ressaltada-petita-b\"><span class=\"gb-icon\"><svg viewBox=\"0 0 100 100\" xmlns=\"http:\/\/www.w3.org\/2000\/svg\" id=\"uuid-df89fad2-1bdb-49c0-9fc5-1c175e0ca151\"><g opacity=\".2\"><path stroke-width=\"0\" d=\"m30.92977,80.32414c-4.79552.10509-8.28624-1.43147-10.47493-4.61189-2.18868-3.17821-3.18042-7.11419-2.97024-11.80351.20742-3.33529.91098-6.87967,2.11069-10.6309,1.19694-3.75234,2.97024-7.63412,5.31545-11.64753,2.34466-4.0112,5.23691-7.99807,8.67674-11.95949l5.7845,4.37737c-1.14827,1.35514-2.50175,3.41494-4.06486,6.175-1.56366,2.76227-2.9459,5.7845-4.14284,9.0678-1.19971,3.2833-1.85183,6.43607-1.95416,9.4583.83244-.20797,1.45802-.3374,1.87562-.3905.41539-.05199.88443-.07854,1.40713-.07854,2.81426,0,5.2889.80866,7.42615,2.42265,2.13503,1.61731,3.09967,4.24904,2.89225,7.89519-.10509,3.12732-1.2777,5.86304-3.51782,8.20825-2.24234,2.34522-5.02949,3.51782-8.36368,3.51782Zm29.70403,0c-4.79497.10509-8.28569-1.43147-10.47437-4.61189-2.18924-3.17821-3.18097-7.11419-2.97079-11.80351.20797-3.33529.91154-6.87967,2.11069-10.6309,1.19694-3.75234,2.97024-7.63412,5.31545-11.64753,2.34522-4.0112,5.23746-7.99807,8.67674-11.95949l5.7845,4.37737c-1.14827,1.35514-2.50119,3.41494-4.06486,6.175-1.56311,2.76227-2.9459,5.7845-4.14284,9.0678-1.19916,3.2833-1.85183,6.43607-1.95416,9.4583.83299-.20797,1.45857-.3374,1.87617-.3905.41539-.05199.88388-.07854,1.40713-.07854,2.8137,0,5.28835.80866,7.42559,2.42265,2.13503,1.61731,3.10022,4.24904,2.89225,7.89519-.10454,3.12732-1.27715,5.86304-3.51727,8.20825-2.24234,2.34522-5.03004,3.51782-8.36423,3.51782Z\"><\/path><\/g><path stroke-width=\"0\" d=\"m35.92977,75.32414c-4.79552.10509-8.28624-1.43147-10.47493-4.61189-2.18868-3.17821-3.18042-7.11419-2.97024-11.80351.20742-3.33529.91098-6.87967,2.11069-10.6309,1.19694-3.75234,2.97024-7.63412,5.31545-11.64753,2.34466-4.0112,5.23691-7.99807,8.67674-11.95949l5.7845,4.37737c-1.14827,1.35514-2.50175,3.41494-4.06486,6.175-1.56366,2.76227-2.9459,5.7845-4.14284,9.0678-1.19971,3.2833-1.85183,6.43607-1.95416,9.4583.83244-.20797,1.45802-.3374,1.87562-.3905.41539-.05199.88443-.07854,1.40713-.07854,2.81426,0,5.2889.80866,7.42615,2.42265,2.13503,1.61731,3.09967,4.24904,2.89225,7.89519-.10509,3.12732-1.2777,5.86304-3.51782,8.20825-2.24234,2.34522-5.02949,3.51782-8.36368,3.51782Zm29.70403,0c-4.79497.10509-8.28569-1.43147-10.47437-4.61189-2.18924-3.17821-3.18097-7.11419-2.97079-11.80351.20797-3.33529.91154-6.87967,2.11069-10.6309,1.19694-3.75234,2.97024-7.63412,5.31545-11.64753,2.34522-4.0112,5.23746-7.99807,8.67674-11.95949l5.7845,4.37737c-1.14827,1.35514-2.50119,3.41494-4.06486,6.175-1.56311,2.76227-2.9459,5.7845-4.14284,9.0678-1.19916,3.2833-1.85183,6.43607-1.95416,9.4583.83299-.20797,1.45857-.3374,1.87617-.3905.41539-.05199.88388-.07854,1.40713-.07854,2.8137,0,5.28835.80866,7.42559,2.42265,2.13503,1.61731,3.10022,4.24904,2.89225,7.89519-.10454,3.12732-1.27715,5.86304-3.51727,8.20825-2.24234,2.34522-5.03004,3.51782-8.36423,3.51782Z\"><\/path><\/svg><\/span><span class=\"gb-headline-text\">Parlem de les lluites vinculades amb la defensa del territori, de car\u00e0cter ecol\u00f2gic i\/o social&#8230;<\/span><\/h3>\n\n\n\n<p class=\"gb-headline gb-headline-5d37ec10 gb-headline-text\">Parlem de les lluites vinculades amb la defensa del territori, de car\u00e0cter ecol\u00f2gic i\/o social, o contra la dominaci\u00f3 en general, concretades en la cr\u00edtica a l&#8217;exclusi\u00f3, la lluita pels drets socials, les lluites contra l&#8217;autoritarisme, el feixisme i la xenof\u00f2bia, les lluites contra el patriarcat. Seria necessari tenir en compte les noves formes de creaci\u00f3 i apropiaci\u00f3 cultural , l&#8217;assaig de noves maneres de relacionar-se , de produir i consumir, les experi\u00e8ncies d&#8217;autogesti\u00f3, ja que conformen un moviment del qual hem de participar, al qual podem aportar i del qual podem aprendre.<\/p>\n\n\n\n<p class=\"gb-headline gb-headline-6214e184 gb-headline-text\">Hem de ser capa\u00e7os d&#8217;integrar la lluita sindical amb aquestes q\u00fcestions socials des d&#8217;enfocaments complementaris, fugint de la confrontaci\u00f3 entre lluita sindical i lluita social , establint connexions entre les reivindicacions m\u00e9s cl\u00e0ssiques o sindicals dels treballadors, vinculades al salari i les condicions de treball, i aquelles reivindicacions m\u00e9s globals de que q\u00fcestionen el sistema capitalista des de diferents perspectives (ecol\u00f2gic, patriarcal, militar, etc.).<\/p>\n\n\n\n<h3 class=\"gb-headline gb-headline-cc6ec286 frase_ressaltada-petita-b\"><span class=\"gb-icon\"><svg viewBox=\"0 0 100 100\" xmlns=\"http:\/\/www.w3.org\/2000\/svg\" id=\"uuid-df89fad2-1bdb-49c0-9fc5-1c175e0ca151\"><g opacity=\".2\"><path stroke-width=\"0\" d=\"m30.92977,80.32414c-4.79552.10509-8.28624-1.43147-10.47493-4.61189-2.18868-3.17821-3.18042-7.11419-2.97024-11.80351.20742-3.33529.91098-6.87967,2.11069-10.6309,1.19694-3.75234,2.97024-7.63412,5.31545-11.64753,2.34466-4.0112,5.23691-7.99807,8.67674-11.95949l5.7845,4.37737c-1.14827,1.35514-2.50175,3.41494-4.06486,6.175-1.56366,2.76227-2.9459,5.7845-4.14284,9.0678-1.19971,3.2833-1.85183,6.43607-1.95416,9.4583.83244-.20797,1.45802-.3374,1.87562-.3905.41539-.05199.88443-.07854,1.40713-.07854,2.81426,0,5.2889.80866,7.42615,2.42265,2.13503,1.61731,3.09967,4.24904,2.89225,7.89519-.10509,3.12732-1.2777,5.86304-3.51782,8.20825-2.24234,2.34522-5.02949,3.51782-8.36368,3.51782Zm29.70403,0c-4.79497.10509-8.28569-1.43147-10.47437-4.61189-2.18924-3.17821-3.18097-7.11419-2.97079-11.80351.20797-3.33529.91154-6.87967,2.11069-10.6309,1.19694-3.75234,2.97024-7.63412,5.31545-11.64753,2.34522-4.0112,5.23746-7.99807,8.67674-11.95949l5.7845,4.37737c-1.14827,1.35514-2.50119,3.41494-4.06486,6.175-1.56311,2.76227-2.9459,5.7845-4.14284,9.0678-1.19916,3.2833-1.85183,6.43607-1.95416,9.4583.83299-.20797,1.45857-.3374,1.87617-.3905.41539-.05199.88388-.07854,1.40713-.07854,2.8137,0,5.28835.80866,7.42559,2.42265,2.13503,1.61731,3.10022,4.24904,2.89225,7.89519-.10454,3.12732-1.27715,5.86304-3.51727,8.20825-2.24234,2.34522-5.03004,3.51782-8.36423,3.51782Z\"><\/path><\/g><path stroke-width=\"0\" d=\"m35.92977,75.32414c-4.79552.10509-8.28624-1.43147-10.47493-4.61189-2.18868-3.17821-3.18042-7.11419-2.97024-11.80351.20742-3.33529.91098-6.87967,2.11069-10.6309,1.19694-3.75234,2.97024-7.63412,5.31545-11.64753,2.34466-4.0112,5.23691-7.99807,8.67674-11.95949l5.7845,4.37737c-1.14827,1.35514-2.50175,3.41494-4.06486,6.175-1.56366,2.76227-2.9459,5.7845-4.14284,9.0678-1.19971,3.2833-1.85183,6.43607-1.95416,9.4583.83244-.20797,1.45802-.3374,1.87562-.3905.41539-.05199.88443-.07854,1.40713-.07854,2.81426,0,5.2889.80866,7.42615,2.42265,2.13503,1.61731,3.09967,4.24904,2.89225,7.89519-.10509,3.12732-1.2777,5.86304-3.51782,8.20825-2.24234,2.34522-5.02949,3.51782-8.36368,3.51782Zm29.70403,0c-4.79497.10509-8.28569-1.43147-10.47437-4.61189-2.18924-3.17821-3.18097-7.11419-2.97079-11.80351.20797-3.33529.91154-6.87967,2.11069-10.6309,1.19694-3.75234,2.97024-7.63412,5.31545-11.64753,2.34522-4.0112,5.23746-7.99807,8.67674-11.95949l5.7845,4.37737c-1.14827,1.35514-2.50119,3.41494-4.06486,6.175-1.56311,2.76227-2.9459,5.7845-4.14284,9.0678-1.19916,3.2833-1.85183,6.43607-1.95416,9.4583.83299-.20797,1.45857-.3374,1.87617-.3905.41539-.05199.88388-.07854,1.40713-.07854,2.8137,0,5.28835.80866,7.42559,2.42265,2.13503,1.61731,3.10022,4.24904,2.89225,7.89519-.10454,3.12732-1.27715,5.86304-3.51727,8.20825-2.24234,2.34522-5.03004,3.51782-8.36423,3.51782Z\"><\/path><\/svg><\/span><span class=\"gb-headline-text\">La progressiva internacionalitzaci\u00f3 de l&#8217;economia, la desregularitzaci\u00f3 generalitzada i la desestructuraci\u00f3 del moviment obrer&#8230;<\/span><\/h3>\n\n\n\n<p class=\"gb-headline gb-headline-b8757b6d gb-headline-text\">La progressiva internacionalitzaci\u00f3 de l&#8217;economia, la desregularitzaci\u00f3 generalitzada i la desestructuraci\u00f3 del moviment obrer \u00e9s responsabilitat directa d&#8217;empresaris\/\u00e0ries, pol\u00edtics\/as i sindicalistes professionals, en aquest ordre; no obstant aix\u00f2, la passivitat de l&#8217;anarcosindicalisme \u00e9s cosa nostra.<\/p>\n\n\n\n<p class=\"gb-headline gb-headline-673f76f1 gb-headline-text\">La liberalitzaci\u00f3 accelerada que vivim despr\u00e9s de la caiguda del Mur de Berl\u00edn ens ha condu\u00eft a un mal pas del qual no sabem si hi haur\u00e0 sortida des del sistema. A la crisi ecol\u00f2gica i pol\u00edtica que ja apuntaven maneres a la fi del s. XX s&#8217;ha unit un cicle marcat per la pitjor crisi econ\u00f2mica des del Crack de 1929, la pand\u00e8mia mundial de la COVID i el gir autoritari dels estats. Els pron\u00f2stics m\u00e9s alarmistes parlen de no reprendre el creixement ben entrada la d\u00e8cada als pa\u00efsos m\u00e9s desenvolupats (Espanya a la cua) mentre les pot\u00e8ncies emergents sortiran refor\u00e7ades. La sagnia de la classe mitjana que aix\u00f2 suposa aqu\u00ed pot trobar el seu contrapunt en un acc\u00e9s al consum de grans masses de poblaci\u00f3 en el sud-est asi\u00e0tic i Sud-am\u00e8rica. \u00c0frica no aparenta recuperaci\u00f3 possible i el seu paper continuar\u00e0 sent, de manera indefinida, el de prove\u00efdor de mat\u00e8ries primeres i m\u00e0 d&#8217;obra barata.<\/p>\n\n\n\n<p class=\"gb-headline gb-headline-c0f9f7ab gb-headline-text\">Per tot plegat la CNT, m\u00e9s enll\u00e0 de les lluites purament econ\u00f2miques del proletariat, interv\u00e9 en totes aquelles q\u00fcestions socials que s\u00f3n conseq\u00fc\u00e8ncia del sistema de dominaci\u00f3 i explotaci\u00f3 capitalista. <strong>Des de l\u2019educaci\u00f3 fins a la sanitat, la relaci\u00f3 del sindicalisme amb l\u2019economia col\u00b7lectivista i els projectes autogestionats, des del patriarcat a la q\u00fcesti\u00f3 relativa a la prostituci\u00f3, contra la Llei d\u2019Estranjeria i la defensa dels drets de les persones migrants o la q\u00fcesti\u00f3 de l\u2019ecologia i el col\u00b7lapse de les nostres economies en l\u2019actual fase d\u2019acumulaci\u00f3 capitalista.<\/strong><\/p>\n\n<\/div>\n<\/div>\n\n<div class=\"gb-container gb-container-b1ee196c\"><div class=\"gb-inside-container\">\n<div class=\"gb-grid-wrapper gb-grid-wrapper-ed752884\">\n<div class=\"gb-grid-column gb-grid-column-5659a30d\"><div class=\"gb-container gb-container-5659a30d\"><div class=\"gb-inside-container\">\n\n<h3 class=\"gb-headline gb-headline-ea9da9e3 gb-headline-text frase_ressaltada-molt-petita\">La CNT vol un canvi complet i radical de les estructures socials, econ\u00f2miques i pol\u00edtiques que determinen la vida de la humanitat, un canvi basat en la democr\u00e0cia directa, el federalisme i l\u2019autogesti\u00f3 generalitzada que sintetitzem en el Comunisme Llibertari.<\/h3>\n\n<\/div><\/div><\/div>\n\n<div class=\"gb-grid-column gb-grid-column-0e98db1b\"><div class=\"gb-container gb-container-0e98db1b\"><div class=\"gb-inside-container\">\n<div class=\"gb-button-wrapper gb-button-wrapper-0a798378\">\n\n<a class=\"gb-button gb-button-b9c31961 boto-gran\" href=\"\/afiliat\/\"><span class=\"gb-button-text\">Afilia&#8217;t<\/span><span class=\"gb-icon\"><svg id=\"uuid-7f792b26-b573-49b1-b6a5-fa6201c692b7\" xmlns=\"http:\/\/www.w3.org\/2000\/svg\" viewBox=\"0 0 22.96143 16.00732\"><path d=\"M20.69775,7.07764C15.90674,5.11914,13.65283,.05078,13.63037,0l-1.83496,.79443c.07996,.18524,1.59766,3.61926,4.8775,6.20898H0v2H16.67297c-3.27985,2.58984-4.79761,6.02417-4.87756,6.20898l1.83496,.79492c.02246-.05176,2.27637-5.11914,7.06738-7.07812l2.26367-.92578-2.26367-.92578Z\"><\/path><\/svg><\/span><\/a>\n\n<\/div>\n\n<div class=\"gb-button-wrapper gb-button-wrapper-44f0053d\">\n\n<a class=\"gb-button gb-button-4581d96f boto-gran\" href=\"\/mapa\/\"><span class=\"gb-button-text\">Sindicats<\/span><span class=\"gb-icon\"><svg id=\"uuid-7f792b26-b573-49b1-b6a5-fa6201c692b7\" xmlns=\"http:\/\/www.w3.org\/2000\/svg\" viewBox=\"0 0 22.96143 16.00732\"><path d=\"M20.69775,7.07764C15.90674,5.11914,13.65283,.05078,13.63037,0l-1.83496,.79443c.07996,.18524,1.59766,3.61926,4.8775,6.20898H0v2H16.67297c-3.27985,2.58984-4.79761,6.02417-4.87756,6.20898l1.83496,.79492c.02246-.05176,2.27637-5.11914,7.06738-7.07812l2.26367-.92578-2.26367-.92578Z\"><\/path><\/svg><\/span><\/a>\n\n<\/div>\n<\/div><\/div><\/div>\n<\/div>\n<\/div><\/div>","protected":false},"excerpt":{"rendered":"<p>La pr\u00e0ctica anarcosindicalista i llibert\u00e0ria ha incl\u00f2s i vinculat sempre les lluites socials i culturals amb les lluites econ\u00f2miques i sindicals de les classes treballadores. Molts dels actuals moviments socials es poden rastrejar en el moviment llibertari de principis del &#8230; <a title=\"L\u2019Acci\u00f3 Social de la CNT\" class=\"read-more\" href=\"https:\/\/cnt.cat\/cornella\/accio-social\/\" aria-label=\"M\u00e9s informaci\u00f3 sobre L\u2019Acci\u00f3 Social de la CNT\">Continua llegint<\/a><\/p>\n","protected":false},"author":1,"featured_media":0,"parent":0,"menu_order":0,"comment_status":"closed","ping_status":"closed","template":"","meta":{"_acf_changed":false,"footnotes":""},"class_list":{"0":"post-596","1":"page","2":"type-page","3":"status-publish","5":"infinite-scroll-item"},"acf":[],"_links":{"self":[{"href":"https:\/\/cnt.cat\/cornella\/wp-json\/wp\/v2\/pages\/596","targetHints":{"allow":["GET"]}}],"collection":[{"href":"https:\/\/cnt.cat\/cornella\/wp-json\/wp\/v2\/pages"}],"about":[{"href":"https:\/\/cnt.cat\/cornella\/wp-json\/wp\/v2\/types\/page"}],"author":[{"embeddable":true,"href":"https:\/\/cnt.cat\/cornella\/wp-json\/wp\/v2\/users\/1"}],"replies":[{"embeddable":true,"href":"https:\/\/cnt.cat\/cornella\/wp-json\/wp\/v2\/comments?post=596"}],"version-history":[{"count":21,"href":"https:\/\/cnt.cat\/cornella\/wp-json\/wp\/v2\/pages\/596\/revisions"}],"predecessor-version":[{"id":844,"href":"https:\/\/cnt.cat\/cornella\/wp-json\/wp\/v2\/pages\/596\/revisions\/844"}],"wp:attachment":[{"href":"https:\/\/cnt.cat\/cornella\/wp-json\/wp\/v2\/media?parent=596"}],"curies":[{"name":"wp","href":"https:\/\/api.w.org\/{rel}","templated":true}]}}