{"id":69,"date":"2022-11-05T08:20:33","date_gmt":"2022-11-05T08:20:33","guid":{"rendered":"https:\/\/cnt.cat\/cornella\/?page_id=69"},"modified":"2023-12-13T11:28:00","modified_gmt":"2023-12-13T10:28:00","slug":"que-es-la-cnt","status":"publish","type":"page","link":"https:\/\/cnt.cat\/cornella\/que-es-la-cnt\/","title":{"rendered":"Qu\u00e8 \u00e9s la CNT"},"content":{"rendered":"<div class=\"gb-container gb-container-b1ee196c\"><div class=\"gb-inside-container\">\n<div class=\"gb-grid-wrapper gb-grid-wrapper-ed752884\">\n<div class=\"gb-grid-column gb-grid-column-5659a30d\"><div class=\"gb-container gb-container-5659a30d\"><div class=\"gb-inside-container\">\n\n<h3 class=\"gb-headline gb-headline-ea9da9e3 gb-headline-text frase_ressaltada-molt-petita\">\u201cArt. 1.- La Confederaci\u00f3 Nacional del Treball (C.N.T.) \u00e9s una organitzaci\u00f3 sindical revolucion\u00e0ria, \u00e9s a dir, que lluita en pro de la revoluci\u00f3 social. El seu car\u00e0cter \u00e9s anarcosindicalista, \u00e9s a dir anarquista pels seus principis, t\u00e0ctiques i finalitats i sindicalista per la seva forma d&#8217;organitzaci\u00f3 estructurada en sindicats. La CNT es defineix com una organitzaci\u00f3 de classe, aut\u00f2noma, autogestion\u00e0ria, federalista, internacionalista i feminista.\u201d (Estatuts i Normativa Org\u00e0nica, T\u00edtol 1-Denominaci\u00f3 i estructura).<\/h3>\n\n<\/div><\/div><\/div>\n\n<div class=\"gb-grid-column gb-grid-column-0e98db1b\"><div class=\"gb-container gb-container-0e98db1b\"><div class=\"gb-inside-container\">\n<div class=\"gb-button-wrapper gb-button-wrapper-0a798378\">\n\n<a class=\"gb-button gb-button-b9c31961 boto-gran\" href=\"\/afiliat\/\"><span class=\"gb-button-text\">Afilia&#8217;t<\/span><span class=\"gb-icon\"><svg id=\"uuid-7f792b26-b573-49b1-b6a5-fa6201c692b7\" xmlns=\"http:\/\/www.w3.org\/2000\/svg\" viewBox=\"0 0 22.96143 16.00732\"><path d=\"M20.69775,7.07764C15.90674,5.11914,13.65283,.05078,13.63037,0l-1.83496,.79443c.07996,.18524,1.59766,3.61926,4.8775,6.20898H0v2H16.67297c-3.27985,2.58984-4.79761,6.02417-4.87756,6.20898l1.83496,.79492c.02246-.05176,2.27637-5.11914,7.06738-7.07812l2.26367-.92578-2.26367-.92578Z\"><\/path><\/svg><\/span><\/a>\n\n<\/div>\n\n<div class=\"gb-button-wrapper gb-button-wrapper-44f0053d\">\n\n<a class=\"gb-button gb-button-4581d96f boto-gran\" href=\"\/mapa\/\"><span class=\"gb-button-text\">Sindicats<\/span><span class=\"gb-icon\"><svg id=\"uuid-7f792b26-b573-49b1-b6a5-fa6201c692b7\" xmlns=\"http:\/\/www.w3.org\/2000\/svg\" viewBox=\"0 0 22.96143 16.00732\"><path d=\"M20.69775,7.07764C15.90674,5.11914,13.65283,.05078,13.63037,0l-1.83496,.79443c.07996,.18524,1.59766,3.61926,4.8775,6.20898H0v2H16.67297c-3.27985,2.58984-4.79761,6.02417-4.87756,6.20898l1.83496,.79492c.02246-.05176,2.27637-5.11914,7.06738-7.07812l2.26367-.92578-2.26367-.92578Z\"><\/path><\/svg><\/span><\/a>\n\n<\/div>\n<\/div><\/div><\/div>\n<\/div>\n<\/div><\/div>\n\n<div class=\"gb-container gb-container-ac809902\">\n<div class=\"gb-container gb-container-b855e885\">\n\n<p class=\"gb-headline gb-headline-00206540 gb-headline-text\">La C.N.T \u00e9s un Sindicat, \u00e9s a dir, una eina amb la qual els treballadors i treballadores s&#8217;organitzen per a defensar i desenvolupar els seus drets. Defensar, perqu\u00e8 d&#8217;una banda l&#8217;evoluci\u00f3 econ\u00f2mica dels \u00faltims anys est\u00e0 basada en precaritzar cada vegada m\u00e9s el m\u00f3n del treball, el nostre m\u00f3n. Desenvolupar, perqu\u00e8 a causa del seu car\u00e0cter anarcosindicalista, la CNT t\u00e9 molt clar que l&#8217;origen de tota aquesta regressi\u00f3 quant a drets laborals est\u00e0 en el propi sistema econ\u00f2mic que ens domina. \u00c9s aquest capitalisme, que en la seva actual fase demostra una vegada m\u00e9s el car\u00e0cter fero\u00e7 i cruel que sempre va tenir, el responsable de les condicions de treball miserables i prec\u00e0ries que tenim la majoria de persones treballadores. \u00c9s necessari per tant guanyar cada vegada m\u00e9s drets per a recuperar els beneficis que generem treballant i que ens treuen a canvi d&#8217;un salari baix, per a, en darrer terme, superar aquest r\u00e8gim econ\u00f2mic i substituir-lo per un basat en la just\u00edcia social. I el m\u00e9s just \u00e9s repartir-nos els beneficis entre totes i tots. <\/p>\n\n\n\n<p class=\"gb-headline gb-headline-d3141ca0 frase_ressaltada-petita-b\"><span class=\"gb-icon\"><svg viewBox=\"0 0 100 100\" xmlns=\"http:\/\/www.w3.org\/2000\/svg\" id=\"uuid-3b34f096-cef0-4336-887a-5625d3804d89\"><g opacity=\".2\"><path stroke-width=\"0\" d=\"m46.27516,26.70526c1.92407,0,3.32442.4599,4.19917,1.37782.87287.91792,1.421,2.09865,1.64062,3.54217.21775,1.44352.28345,2.90957.1971,4.39627-.08823,1.83772-.4599,4.11282-1.11502,6.82342-.657,2.71247-1.72885,5.99185-3.21555,9.83999,3.41077-2.36145,6.36352-4.17665,8.85637-5.4456,2.49285-1.26707,4.57085-2.20752,6.23212-2.81947,1.4867-.5256,2.9734-.8541,4.46197-.9855,1.4867-.1314,2.82135.11075,4.00207.7227s2.03295,1.79267,2.55855,3.54217c.6983,2.71247.1971,4.74542-1.50922,6.10072-1.70632,1.35718-3.65292,2.38585-5.83792,3.08415-1.83772.5256-4.11282.98362-6.82342,1.37782-2.71247.3942-6.12325.58942-10.23419.58942,3.14797,2.36333,5.66147,4.46197,7.54425,6.2997,1.87902,1.83585,3.30002,3.499,4.26487,4.9857.87287,1.22578,1.57305,2.5379,2.09865,3.93637.5256,1.40035.657,2.75565.3942,4.06777s-1.18072,2.5379-2.75565,3.67357c-2.36145,1.66315-4.4188,1.92407-6.16642.78652-1.75138-1.13567-3.23808-2.5792-4.46197-4.3287-.96298-1.57492-1.98977-3.6304-3.08415-6.1683-1.09438-2.53602-2.12117-5.72717-3.08227-9.57719-1.48858,3.85002-2.8664,6.998-4.13347,9.44579-1.26895,2.45155-2.51537,4.4188-3.73927,5.9055-1.40035,1.83585-3.04097,3.3676-4.92,4.5915-1.88278,1.22578-3.9589,1.00803-6.234-.65512-1.40035-1.13567-2.18687-2.36145-2.36145-3.67357-.17645-1.31212.04317-2.62425.657-3.93637.61007-1.31212,1.3553-2.5792,2.23005-3.80497,1.2239-1.4867,2.9077-3.21555,5.0514-5.1828,2.14182-1.96913,4.92-4.08842,8.33265-6.3654-4.0246,0-7.39407-.19522-10.10467-.58942-2.71247-.3942-4.94252-.85222-6.69014-1.37782-1.40035-.5256-2.71247-1.18072-3.93637-1.96913-1.22765-.78652-2.10053-1.81332-2.62425-3.08227-.5256-1.26707-.48243-2.7763.1314-4.52767,1.04932-2.62425,2.64302-3.93637,4.7886-3.93637,2.14182,0,4.30617.35103,6.49492,1.0512,1.74762.61195,3.78245,1.5524,6.10072,2.81947,2.3164,1.26895,5.0514,3.08415,8.20125,5.4456-1.13755-3.84815-1.86025-7.12752-2.16435-9.83999-.30785-2.7106-.41673-4.9857-.3285-6.82342.08635-1.4867.30597-2.95275.65512-4.39627s1.0268-2.62425,2.03483-3.54217c1.00427-.91792,2.47032-1.37782,4.3944-1.37782Z\"><\/path><\/g><path stroke-width=\"0\" d=\"m51.27516,21.70526c1.92407,0,3.32442.4599,4.19917,1.37782.87287.91792,1.421,2.09865,1.64062,3.54217.21775,1.44352.28345,2.90957.1971,4.39627-.08823,1.83772-.4599,4.11282-1.11502,6.82342-.657,2.71247-1.72885,5.99185-3.21555,9.83999,3.41077-2.36145,6.36352-4.17665,8.85637-5.4456,2.49285-1.26707,4.57085-2.20752,6.23212-2.81947,1.4867-.5256,2.9734-.8541,4.46197-.9855,1.4867-.1314,2.82135.11075,4.00207.7227s2.03295,1.79267,2.55855,3.54217c.6983,2.71247.1971,4.74542-1.50922,6.10072-1.70632,1.35718-3.65292,2.38585-5.83792,3.08415-1.83772.5256-4.11282.98362-6.82342,1.37782-2.71247.3942-6.12325.58942-10.23419.58942,3.14797,2.36333,5.66147,4.46197,7.54425,6.2997,1.87902,1.83585,3.30002,3.499,4.26487,4.9857.87287,1.22578,1.57305,2.5379,2.09865,3.93637.5256,1.40035.657,2.75565.3942,4.06777s-1.18072,2.5379-2.75565,3.67357c-2.36145,1.66315-4.4188,1.92407-6.16642.78652-1.75138-1.13567-3.23808-2.5792-4.46197-4.3287-.96298-1.57492-1.98977-3.6304-3.08415-6.1683-1.09438-2.53602-2.12117-5.72717-3.08227-9.57719-1.48858,3.85002-2.8664,6.998-4.13347,9.44579-1.26895,2.45155-2.51537,4.4188-3.73927,5.9055-1.40035,1.83585-3.04097,3.3676-4.92,4.5915-1.88278,1.22578-3.9589,1.00803-6.234-.65512-1.40035-1.13567-2.18687-2.36145-2.36145-3.67357-.17645-1.31212.04317-2.62425.657-3.93637.61007-1.31212,1.3553-2.5792,2.23005-3.80497,1.2239-1.4867,2.9077-3.21555,5.0514-5.1828,2.14182-1.96913,4.92-4.08842,8.33265-6.3654-4.0246,0-7.39407-.19522-10.10467-.58942-2.71247-.3942-4.94252-.85222-6.69014-1.37782-1.40035-.5256-2.71247-1.18072-3.93637-1.96913-1.22765-.78652-2.10053-1.81332-2.62425-3.08227-.5256-1.26707-.48243-2.7763.1314-4.52767,1.04932-2.62425,2.64302-3.93637,4.7886-3.93637,2.14182,0,4.30617.35103,6.49492,1.0512,1.74762.61195,3.78245,1.5524,6.10072,2.81947,2.3164,1.26895,5.0514,3.08415,8.20125,5.4456-1.13755-3.84815-1.86025-7.12752-2.16435-9.83999-.30785-2.7106-.41673-4.9857-.3285-6.82342.08635-1.4867.30597-2.95275.65512-4.39627s1.0268-2.62425,2.03483-3.54217c1.00427-.91792,2.47032-1.37782,4.3944-1.37782Z\"><\/path><\/svg><\/span><span class=\"gb-headline-text\">Pensem que \u00e9s important articular una alternativa clara i contundent a la resta de forces sindicals&#8230;<\/span><\/p>\n\n\n\n<p class=\"gb-headline gb-headline-da2cf44f gb-headline-text\">En defensa de les nostres condicions de treball, la CNT posa en pr\u00e0ctica un model sindical propi, diferent del qual practiquen els sindicats majoritaris. Pensem que \u00e9s important articular una alternativa clara i contundent a la resta de forces sindicals, ja que \u00e9s evident que despr\u00e9s de quaranta anys de sindicalisme pactista, els resultats han estat desastrosos: cada nova generaci\u00f3 que s&#8217;incorpora a l&#8217;anomenat \u201cmercat laboral\u201d, ho fa en pitjors condicions que l&#8217;anterior. <\/p>\n\n\n\n<p class=\"gb-headline gb-headline-ca830d22 frase_ressaltada-petita-b\"><span class=\"gb-icon\"><svg viewBox=\"0 0 100 100\" xmlns=\"http:\/\/www.w3.org\/2000\/svg\" id=\"uuid-3b34f096-cef0-4336-887a-5625d3804d89\"><g opacity=\".2\"><path stroke-width=\"0\" d=\"m46.27516,26.70526c1.92407,0,3.32442.4599,4.19917,1.37782.87287.91792,1.421,2.09865,1.64062,3.54217.21775,1.44352.28345,2.90957.1971,4.39627-.08823,1.83772-.4599,4.11282-1.11502,6.82342-.657,2.71247-1.72885,5.99185-3.21555,9.83999,3.41077-2.36145,6.36352-4.17665,8.85637-5.4456,2.49285-1.26707,4.57085-2.20752,6.23212-2.81947,1.4867-.5256,2.9734-.8541,4.46197-.9855,1.4867-.1314,2.82135.11075,4.00207.7227s2.03295,1.79267,2.55855,3.54217c.6983,2.71247.1971,4.74542-1.50922,6.10072-1.70632,1.35718-3.65292,2.38585-5.83792,3.08415-1.83772.5256-4.11282.98362-6.82342,1.37782-2.71247.3942-6.12325.58942-10.23419.58942,3.14797,2.36333,5.66147,4.46197,7.54425,6.2997,1.87902,1.83585,3.30002,3.499,4.26487,4.9857.87287,1.22578,1.57305,2.5379,2.09865,3.93637.5256,1.40035.657,2.75565.3942,4.06777s-1.18072,2.5379-2.75565,3.67357c-2.36145,1.66315-4.4188,1.92407-6.16642.78652-1.75138-1.13567-3.23808-2.5792-4.46197-4.3287-.96298-1.57492-1.98977-3.6304-3.08415-6.1683-1.09438-2.53602-2.12117-5.72717-3.08227-9.57719-1.48858,3.85002-2.8664,6.998-4.13347,9.44579-1.26895,2.45155-2.51537,4.4188-3.73927,5.9055-1.40035,1.83585-3.04097,3.3676-4.92,4.5915-1.88278,1.22578-3.9589,1.00803-6.234-.65512-1.40035-1.13567-2.18687-2.36145-2.36145-3.67357-.17645-1.31212.04317-2.62425.657-3.93637.61007-1.31212,1.3553-2.5792,2.23005-3.80497,1.2239-1.4867,2.9077-3.21555,5.0514-5.1828,2.14182-1.96913,4.92-4.08842,8.33265-6.3654-4.0246,0-7.39407-.19522-10.10467-.58942-2.71247-.3942-4.94252-.85222-6.69014-1.37782-1.40035-.5256-2.71247-1.18072-3.93637-1.96913-1.22765-.78652-2.10053-1.81332-2.62425-3.08227-.5256-1.26707-.48243-2.7763.1314-4.52767,1.04932-2.62425,2.64302-3.93637,4.7886-3.93637,2.14182,0,4.30617.35103,6.49492,1.0512,1.74762.61195,3.78245,1.5524,6.10072,2.81947,2.3164,1.26895,5.0514,3.08415,8.20125,5.4456-1.13755-3.84815-1.86025-7.12752-2.16435-9.83999-.30785-2.7106-.41673-4.9857-.3285-6.82342.08635-1.4867.30597-2.95275.65512-4.39627s1.0268-2.62425,2.03483-3.54217c1.00427-.91792,2.47032-1.37782,4.3944-1.37782Z\"><\/path><\/g><path stroke-width=\"0\" d=\"m51.27516,21.70526c1.92407,0,3.32442.4599,4.19917,1.37782.87287.91792,1.421,2.09865,1.64062,3.54217.21775,1.44352.28345,2.90957.1971,4.39627-.08823,1.83772-.4599,4.11282-1.11502,6.82342-.657,2.71247-1.72885,5.99185-3.21555,9.83999,3.41077-2.36145,6.36352-4.17665,8.85637-5.4456,2.49285-1.26707,4.57085-2.20752,6.23212-2.81947,1.4867-.5256,2.9734-.8541,4.46197-.9855,1.4867-.1314,2.82135.11075,4.00207.7227s2.03295,1.79267,2.55855,3.54217c.6983,2.71247.1971,4.74542-1.50922,6.10072-1.70632,1.35718-3.65292,2.38585-5.83792,3.08415-1.83772.5256-4.11282.98362-6.82342,1.37782-2.71247.3942-6.12325.58942-10.23419.58942,3.14797,2.36333,5.66147,4.46197,7.54425,6.2997,1.87902,1.83585,3.30002,3.499,4.26487,4.9857.87287,1.22578,1.57305,2.5379,2.09865,3.93637.5256,1.40035.657,2.75565.3942,4.06777s-1.18072,2.5379-2.75565,3.67357c-2.36145,1.66315-4.4188,1.92407-6.16642.78652-1.75138-1.13567-3.23808-2.5792-4.46197-4.3287-.96298-1.57492-1.98977-3.6304-3.08415-6.1683-1.09438-2.53602-2.12117-5.72717-3.08227-9.57719-1.48858,3.85002-2.8664,6.998-4.13347,9.44579-1.26895,2.45155-2.51537,4.4188-3.73927,5.9055-1.40035,1.83585-3.04097,3.3676-4.92,4.5915-1.88278,1.22578-3.9589,1.00803-6.234-.65512-1.40035-1.13567-2.18687-2.36145-2.36145-3.67357-.17645-1.31212.04317-2.62425.657-3.93637.61007-1.31212,1.3553-2.5792,2.23005-3.80497,1.2239-1.4867,2.9077-3.21555,5.0514-5.1828,2.14182-1.96913,4.92-4.08842,8.33265-6.3654-4.0246,0-7.39407-.19522-10.10467-.58942-2.71247-.3942-4.94252-.85222-6.69014-1.37782-1.40035-.5256-2.71247-1.18072-3.93637-1.96913-1.22765-.78652-2.10053-1.81332-2.62425-3.08227-.5256-1.26707-.48243-2.7763.1314-4.52767,1.04932-2.62425,2.64302-3.93637,4.7886-3.93637,2.14182,0,4.30617.35103,6.49492,1.0512,1.74762.61195,3.78245,1.5524,6.10072,2.81947,2.3164,1.26895,5.0514,3.08415,8.20125,5.4456-1.13755-3.84815-1.86025-7.12752-2.16435-9.83999-.30785-2.7106-.41673-4.9857-.3285-6.82342.08635-1.4867.30597-2.95275.65512-4.39627s1.0268-2.62425,2.03483-3.54217c1.00427-.91792,2.47032-1.37782,4.3944-1.37782Z\"><\/path><\/svg><\/span><span class=\"gb-headline-text\">&#8230;la CNT no promou el sistema d\u2019eleccions sindicals a Comit\u00e8s d\u2019empresa i delegats de personal.<\/span><\/p>\n\n\n\n<p class=\"gb-headline gb-headline-d067167d gb-headline-text\">Per aquest motiu la CNT no promou el sistema d&#8217;eleccions sindicals a Comit\u00e8s d&#8217;empresa i delegats de personal. La resta de sindicats es veuen obligats a fer-ho perqu\u00e8 depenen de les subvencions i de les hores lliures pagades per les empreses. Nosaltres, emparats en la m\u00e9s pura Llibertat Sindical posem en marxa la nostra pr\u00f2pia manera d&#8217;entendre el sindicalisme: com a eina protectora de totes les persones en lloc de generadora de privilegis per a uns pocs, com a f\u00f2rum de participaci\u00f3 i decisi\u00f3 de tots i totes, en lloc d&#8217;\u00f2rgan merament informatiu de les retallades que imposen les empreses.<\/p>\n\n\n\n<p class=\"gb-headline gb-headline-7b5aae28 frase_ressaltada-petita-b\"><span class=\"gb-icon\"><svg viewBox=\"0 0 100 100\" xmlns=\"http:\/\/www.w3.org\/2000\/svg\" id=\"uuid-3b34f096-cef0-4336-887a-5625d3804d89\"><g opacity=\".2\"><path stroke-width=\"0\" d=\"m46.27516,26.70526c1.92407,0,3.32442.4599,4.19917,1.37782.87287.91792,1.421,2.09865,1.64062,3.54217.21775,1.44352.28345,2.90957.1971,4.39627-.08823,1.83772-.4599,4.11282-1.11502,6.82342-.657,2.71247-1.72885,5.99185-3.21555,9.83999,3.41077-2.36145,6.36352-4.17665,8.85637-5.4456,2.49285-1.26707,4.57085-2.20752,6.23212-2.81947,1.4867-.5256,2.9734-.8541,4.46197-.9855,1.4867-.1314,2.82135.11075,4.00207.7227s2.03295,1.79267,2.55855,3.54217c.6983,2.71247.1971,4.74542-1.50922,6.10072-1.70632,1.35718-3.65292,2.38585-5.83792,3.08415-1.83772.5256-4.11282.98362-6.82342,1.37782-2.71247.3942-6.12325.58942-10.23419.58942,3.14797,2.36333,5.66147,4.46197,7.54425,6.2997,1.87902,1.83585,3.30002,3.499,4.26487,4.9857.87287,1.22578,1.57305,2.5379,2.09865,3.93637.5256,1.40035.657,2.75565.3942,4.06777s-1.18072,2.5379-2.75565,3.67357c-2.36145,1.66315-4.4188,1.92407-6.16642.78652-1.75138-1.13567-3.23808-2.5792-4.46197-4.3287-.96298-1.57492-1.98977-3.6304-3.08415-6.1683-1.09438-2.53602-2.12117-5.72717-3.08227-9.57719-1.48858,3.85002-2.8664,6.998-4.13347,9.44579-1.26895,2.45155-2.51537,4.4188-3.73927,5.9055-1.40035,1.83585-3.04097,3.3676-4.92,4.5915-1.88278,1.22578-3.9589,1.00803-6.234-.65512-1.40035-1.13567-2.18687-2.36145-2.36145-3.67357-.17645-1.31212.04317-2.62425.657-3.93637.61007-1.31212,1.3553-2.5792,2.23005-3.80497,1.2239-1.4867,2.9077-3.21555,5.0514-5.1828,2.14182-1.96913,4.92-4.08842,8.33265-6.3654-4.0246,0-7.39407-.19522-10.10467-.58942-2.71247-.3942-4.94252-.85222-6.69014-1.37782-1.40035-.5256-2.71247-1.18072-3.93637-1.96913-1.22765-.78652-2.10053-1.81332-2.62425-3.08227-.5256-1.26707-.48243-2.7763.1314-4.52767,1.04932-2.62425,2.64302-3.93637,4.7886-3.93637,2.14182,0,4.30617.35103,6.49492,1.0512,1.74762.61195,3.78245,1.5524,6.10072,2.81947,2.3164,1.26895,5.0514,3.08415,8.20125,5.4456-1.13755-3.84815-1.86025-7.12752-2.16435-9.83999-.30785-2.7106-.41673-4.9857-.3285-6.82342.08635-1.4867.30597-2.95275.65512-4.39627s1.0268-2.62425,2.03483-3.54217c1.00427-.91792,2.47032-1.37782,4.3944-1.37782Z\"><\/path><\/g><path stroke-width=\"0\" d=\"m51.27516,21.70526c1.92407,0,3.32442.4599,4.19917,1.37782.87287.91792,1.421,2.09865,1.64062,3.54217.21775,1.44352.28345,2.90957.1971,4.39627-.08823,1.83772-.4599,4.11282-1.11502,6.82342-.657,2.71247-1.72885,5.99185-3.21555,9.83999,3.41077-2.36145,6.36352-4.17665,8.85637-5.4456,2.49285-1.26707,4.57085-2.20752,6.23212-2.81947,1.4867-.5256,2.9734-.8541,4.46197-.9855,1.4867-.1314,2.82135.11075,4.00207.7227s2.03295,1.79267,2.55855,3.54217c.6983,2.71247.1971,4.74542-1.50922,6.10072-1.70632,1.35718-3.65292,2.38585-5.83792,3.08415-1.83772.5256-4.11282.98362-6.82342,1.37782-2.71247.3942-6.12325.58942-10.23419.58942,3.14797,2.36333,5.66147,4.46197,7.54425,6.2997,1.87902,1.83585,3.30002,3.499,4.26487,4.9857.87287,1.22578,1.57305,2.5379,2.09865,3.93637.5256,1.40035.657,2.75565.3942,4.06777s-1.18072,2.5379-2.75565,3.67357c-2.36145,1.66315-4.4188,1.92407-6.16642.78652-1.75138-1.13567-3.23808-2.5792-4.46197-4.3287-.96298-1.57492-1.98977-3.6304-3.08415-6.1683-1.09438-2.53602-2.12117-5.72717-3.08227-9.57719-1.48858,3.85002-2.8664,6.998-4.13347,9.44579-1.26895,2.45155-2.51537,4.4188-3.73927,5.9055-1.40035,1.83585-3.04097,3.3676-4.92,4.5915-1.88278,1.22578-3.9589,1.00803-6.234-.65512-1.40035-1.13567-2.18687-2.36145-2.36145-3.67357-.17645-1.31212.04317-2.62425.657-3.93637.61007-1.31212,1.3553-2.5792,2.23005-3.80497,1.2239-1.4867,2.9077-3.21555,5.0514-5.1828,2.14182-1.96913,4.92-4.08842,8.33265-6.3654-4.0246,0-7.39407-.19522-10.10467-.58942-2.71247-.3942-4.94252-.85222-6.69014-1.37782-1.40035-.5256-2.71247-1.18072-3.93637-1.96913-1.22765-.78652-2.10053-1.81332-2.62425-3.08227-.5256-1.26707-.48243-2.7763.1314-4.52767,1.04932-2.62425,2.64302-3.93637,4.7886-3.93637,2.14182,0,4.30617.35103,6.49492,1.0512,1.74762.61195,3.78245,1.5524,6.10072,2.81947,2.3164,1.26895,5.0514,3.08415,8.20125,5.4456-1.13755-3.84815-1.86025-7.12752-2.16435-9.83999-.30785-2.7106-.41673-4.9857-.3285-6.82342.08635-1.4867.30597-2.95275.65512-4.39627s1.0268-2.62425,2.03483-3.54217c1.00427-.91792,2.47032-1.37782,4.3944-1.37782Z\"><\/path><\/svg><\/span><span class=\"gb-headline-text\">\u00c9s, ara com ara, l\u2019\u00fanic sindicat en l\u2019Estat espanyol totalment independent de directrius de partits pol\u00edtics&#8230;<\/span><\/p>\n\n\n\n<p class=\"gb-headline gb-headline-c188ffd7 gb-headline-text\">La CNT es va fundar en 1910 a Barcelona, a partir de la uni\u00f3 de les societats obreres no vinculades als corrents socialdem\u00f2crates. Segueix fidel als principis anarcosindicalistes, i \u00e9s l&#8217;\u00fanica hereva en l&#8217;Estat espanyol de l&#8217;esperit de la Primera Internacional. \u00c9s, ara com ara, l&#8217;\u00fanic sindicat en l&#8217;Estat espanyol totalment independent de directrius de partits pol\u00edtics, en el qual els que decideixen s\u00f3n els treballadors i treballadores afiliats i no un comit\u00e8 de professionals del sindicalisme, que renuncia al finan\u00e7ament de l&#8217;Estat i la Patronal per a mantenir la seva independ\u00e8ncia econ\u00f2mica, i que no deixa les negociacions en mans d&#8217;intermediaris.<\/p>\n\n\n\n<p class=\"gb-headline gb-headline-f7c23c07 gb-headline-text\">Cada vegada m\u00e9s treballadores i treballadors confien en les nostres propostes i s&#8217;agrupen en les nostres seccions sindicals. I moltes m\u00e9s persones hem de ser si volem ser capaces de canviar l&#8217;ambient del m\u00f3n del treball dominat actualment per la precarietat laboral, els accidents i malalties professionals i els baixos salaris.<\/p>\n\n\n\n<p class=\"gb-headline gb-headline-76dd68dd gb-headline-text\">Vine amb nosaltres: nom\u00e9s faltes tu. Sigui quina sigui la teva feina, el teu Sindicat \u00e9s la CNT. <\/p>\n\n<\/div>\n<\/div>","protected":false},"excerpt":{"rendered":"<p>La C.N.T \u00e9s un Sindicat, \u00e9s a dir, una eina amb la qual els treballadors i treballadores s&#8217;organitzen per a defensar i desenvolupar els seus drets. Defensar, perqu\u00e8 d&#8217;una banda l&#8217;evoluci\u00f3 econ\u00f2mica dels \u00faltims anys est\u00e0 basada en precaritzar cada &#8230; <a title=\"Qu\u00e8 \u00e9s la CNT\" class=\"read-more\" href=\"https:\/\/cnt.cat\/cornella\/que-es-la-cnt\/\" aria-label=\"M\u00e9s informaci\u00f3 sobre Qu\u00e8 \u00e9s la CNT\">Continua llegint<\/a><\/p>\n","protected":false},"author":1,"featured_media":0,"parent":0,"menu_order":0,"comment_status":"closed","ping_status":"closed","template":"","meta":{"_acf_changed":false,"footnotes":""},"class_list":{"0":"post-69","1":"page","2":"type-page","3":"status-publish","5":"infinite-scroll-item"},"acf":[],"_links":{"self":[{"href":"https:\/\/cnt.cat\/cornella\/wp-json\/wp\/v2\/pages\/69","targetHints":{"allow":["GET"]}}],"collection":[{"href":"https:\/\/cnt.cat\/cornella\/wp-json\/wp\/v2\/pages"}],"about":[{"href":"https:\/\/cnt.cat\/cornella\/wp-json\/wp\/v2\/types\/page"}],"author":[{"embeddable":true,"href":"https:\/\/cnt.cat\/cornella\/wp-json\/wp\/v2\/users\/1"}],"replies":[{"embeddable":true,"href":"https:\/\/cnt.cat\/cornella\/wp-json\/wp\/v2\/comments?post=69"}],"version-history":[{"count":76,"href":"https:\/\/cnt.cat\/cornella\/wp-json\/wp\/v2\/pages\/69\/revisions"}],"predecessor-version":[{"id":845,"href":"https:\/\/cnt.cat\/cornella\/wp-json\/wp\/v2\/pages\/69\/revisions\/845"}],"wp:attachment":[{"href":"https:\/\/cnt.cat\/cornella\/wp-json\/wp\/v2\/media?parent=69"}],"curies":[{"name":"wp","href":"https:\/\/api.w.org\/{rel}","templated":true}]}}