{"id":87,"date":"2022-11-05T10:03:53","date_gmt":"2022-11-05T10:03:53","guid":{"rendered":"https:\/\/cnt.cat\/cornella\/?page_id=87"},"modified":"2022-11-17T18:27:50","modified_gmt":"2022-11-17T17:27:50","slug":"formacions","status":"publish","type":"page","link":"https:\/\/cnt.cat\/cornella\/formacions\/","title":{"rendered":"Formacions"},"content":{"rendered":"<div class=\"facetwp-facet facetwp-facet-filtres_formacions facetwp-type-radio\" data-name=\"filtres_formacions\" data-type=\"radio\"><\/div>\n\n\n<div class=\"gb-container gb-container-7afed9fa\"><div class=\"gb-inside-container\">\n<div class=\"facetwp-template\" data-name=\"graella_formacions\"><div class=\"fwpl-layout el-5rvi3 card_formacions\"><div class=\"fwpl-result r1\"><div class=\"fwpl-row el-5duyzh card_fromacio\"><div class=\"fwpl-col fwpl-col el-4bc38e\"><div class=\"fwpl-item el-733lk categories_formacio\"><span class=\"fwpl-term fwpl-term-economia fwpl-tax-categories_formacions\">Econom\u00eda<\/span> \/ <span class=\"fwpl-term fwpl-term-laboral fwpl-tax-categories_formacions\">Laboral<\/span> \/ <span class=\"fwpl-term fwpl-term-sindical fwpl-tax-categories_formacions\">Sindical<\/span><\/div><div class=\"fwpl-item el-wude7yw titol_formacio\"><a href=\"https:\/\/cnt.cat\/cornella\/blog\/formacio\/seccio-sindical\/\">Primer cicle de formaci\u00f3 te\u00f2rica del Centre d\u2019Estudis Sindicals i Llibertaris<\/a><\/div><div class=\"fwpl-item el-0b1w3 img_formacio\"><a href=\"https:\/\/cnt.cat\/cornella\/blog\/formacio\/seccio-sindical\/\"><img loading=\"lazy\" decoding=\"async\" width=\"768\" height=\"960\" src=\"https:\/\/cnt.cat\/cornella\/wp-content\/uploads\/sites\/31\/2022\/11\/GENERICO-PANTALLA-768x960-1.jpg\" class=\"attachment-large size-large wp-post-image\" alt=\"\" srcset=\"https:\/\/cnt.cat\/cornella\/wp-content\/uploads\/sites\/31\/2022\/11\/GENERICO-PANTALLA-768x960-1.jpg 768w, https:\/\/cnt.cat\/cornella\/wp-content\/uploads\/sites\/31\/2022\/11\/GENERICO-PANTALLA-768x960-1-240x300.jpg 240w\" sizes=\"auto, (max-width: 768px) 100vw, 768px\" \/><\/a><\/div><\/div><\/div><\/div><div class=\"fwpl-result r2\"><div class=\"fwpl-row el-5duyzh card_fromacio\"><div class=\"fwpl-col fwpl-col el-4bc38e\"><div class=\"fwpl-item el-733lk categories_formacio\"><span class=\"fwpl-term fwpl-term-comunicacio fwpl-tax-categories_formacions\">Comunicaci\u00f3<\/span> \/ <span class=\"fwpl-term fwpl-term-economia fwpl-tax-categories_formacions\">Econom\u00eda<\/span> \/ <span class=\"fwpl-term fwpl-term-laboral fwpl-tax-categories_formacions\">Laboral<\/span> \/ <span class=\"fwpl-term fwpl-term-sindical fwpl-tax-categories_formacions\">Sindical<\/span><\/div><div class=\"fwpl-item el-wude7yw titol_formacio\"><a href=\"https:\/\/cnt.cat\/cornella\/blog\/formacio\/entendre-lestatut-del-treballador\/\">II Escola d\u2019Estiu de CNT Catalunya i Balears<\/a><\/div><div class=\"fwpl-item el-0b1w3 img_formacio\"><a href=\"https:\/\/cnt.cat\/cornella\/blog\/formacio\/entendre-lestatut-del-treballador\/\"><img loading=\"lazy\" decoding=\"async\" width=\"724\" height=\"1024\" src=\"https:\/\/cnt.cat\/cornella\/wp-content\/uploads\/sites\/31\/2024\/07\/GRtabzFX0AIDnIk-724x1024.jpeg\" class=\"attachment-large size-large wp-post-image\" alt=\"\" srcset=\"https:\/\/cnt.cat\/cornella\/wp-content\/uploads\/sites\/31\/2024\/07\/GRtabzFX0AIDnIk-724x1024.jpeg 724w, https:\/\/cnt.cat\/cornella\/wp-content\/uploads\/sites\/31\/2024\/07\/GRtabzFX0AIDnIk-212x300.jpeg 212w, https:\/\/cnt.cat\/cornella\/wp-content\/uploads\/sites\/31\/2024\/07\/GRtabzFX0AIDnIk-768x1086.jpeg 768w, https:\/\/cnt.cat\/cornella\/wp-content\/uploads\/sites\/31\/2024\/07\/GRtabzFX0AIDnIk-1087x1536.jpeg 1087w, https:\/\/cnt.cat\/cornella\/wp-content\/uploads\/sites\/31\/2024\/07\/GRtabzFX0AIDnIk-1449x2048.jpeg 1449w, https:\/\/cnt.cat\/cornella\/wp-content\/uploads\/sites\/31\/2024\/07\/GRtabzFX0AIDnIk.jpeg 1755w\" sizes=\"auto, (max-width: 724px) 100vw, 724px\" \/><\/a><\/div><\/div><\/div><\/div><\/div>\n<style>\n.fwpl-layout, .fwpl-row {\n    display: grid;\n}\n.fwpl-layout.el-5rvi3 {\n    grid-template-columns: repeat(4, 1fr);\n}\n.fwpl-layout.el-5rvi3 .fwpl-result {\n    border-width: 0px 1px;\n}\n.fwpl-row.el-5duyzh {\n    grid-template-columns: 1fr;\n}\n.fwpl-item.el-733lk {\n    font-size: 16px;\n}\n<\/style>\n<\/div>\n\n<\/div><\/div>\n\n<div class=\"gb-grid-wrapper gb-grid-wrapper-ed752884\">\n<div class=\"gb-grid-column gb-grid-column-5659a30d\"><div class=\"gb-container gb-container-5659a30d\"><div class=\"gb-inside-container\">\n\n<h3 class=\"gb-headline gb-headline-ea9da9e3 gb-headline-text frase_ressaltada\">Gent solid\u00e0ria i no caritativa, perqu\u00e8 la nostra ajuda m\u00fatua promou la igualtat i no la depend\u00e8ncia.<\/h3>\n\n<\/div><\/div><\/div>\n\n<div class=\"gb-grid-column gb-grid-column-0e98db1b\"><div class=\"gb-container gb-container-0e98db1b\"><div class=\"gb-inside-container\">\n<div class=\"gb-button-wrapper gb-button-wrapper-0a798378\">\n\n<a class=\"gb-button gb-button-b9c31961 boto-gran\" href=\"\/afiliat\/\"><span class=\"gb-button-text\">Afilia&#8217;t<\/span><span class=\"gb-icon\"><svg id=\"uuid-7f792b26-b573-49b1-b6a5-fa6201c692b7\" xmlns=\"http:\/\/www.w3.org\/2000\/svg\" viewBox=\"0 0 22.96143 16.00732\"><path d=\"M20.69775,7.07764C15.90674,5.11914,13.65283,.05078,13.63037,0l-1.83496,.79443c.07996,.18524,1.59766,3.61926,4.8775,6.20898H0v2H16.67297c-3.27985,2.58984-4.79761,6.02417-4.87756,6.20898l1.83496,.79492c.02246-.05176,2.27637-5.11914,7.06738-7.07812l2.26367-.92578-2.26367-.92578Z\"><\/path><\/svg><\/span><\/a>\n\n<\/div>\n\n<div class=\"gb-button-wrapper gb-button-wrapper-fd4c1427\">\n\n<a class=\"gb-button gb-button-2bebd227 boto-gran\" href=\"\/que-es-la-cnt\/\"><span class=\"gb-button-text\">Qu\u00e8 \u00e9s la CNT<\/span><span class=\"gb-icon\"><svg viewBox=\"0 0 22.96143 16.00732\" xmlns=\"http:\/\/www.w3.org\/2000\/svg\" id=\"uuid-7f792b26-b573-49b1-b6a5-fa6201c692b7\"><path d=\"M20.69775,7.07764C15.90674,5.11914,13.65283,.05078,13.63037,0l-1.83496,.79443c.07996,.18524,1.59766,3.61926,4.8775,6.20898H0v2H16.67297c-3.27985,2.58984-4.79761,6.02417-4.87756,6.20898l1.83496,.79492c.02246-.05176,2.27637-5.11914,7.06738-7.07812l2.26367-.92578-2.26367-.92578Z\"><\/path><\/svg><\/span><\/a>\n\n<\/div>\n\n<div class=\"gb-button-wrapper gb-button-wrapper-44f0053d\">\n\n<a class=\"gb-button gb-button-4581d96f boto-gran\" href=\"\/mapa\/\"><span class=\"gb-button-text\">Sindicats<\/span><span class=\"gb-icon\"><svg id=\"uuid-7f792b26-b573-49b1-b6a5-fa6201c692b7\" xmlns=\"http:\/\/www.w3.org\/2000\/svg\" viewBox=\"0 0 22.96143 16.00732\"><path d=\"M20.69775,7.07764C15.90674,5.11914,13.65283,.05078,13.63037,0l-1.83496,.79443c.07996,.18524,1.59766,3.61926,4.8775,6.20898H0v2H16.67297c-3.27985,2.58984-4.79761,6.02417-4.87756,6.20898l1.83496,.79492c.02246-.05176,2.27637-5.11914,7.06738-7.07812l2.26367-.92578-2.26367-.92578Z\"><\/path><\/svg><\/span><\/a>\n\n<\/div>\n<\/div><\/div><\/div>\n<\/div>","protected":false},"excerpt":{"rendered":"","protected":false},"author":1,"featured_media":0,"parent":0,"menu_order":0,"comment_status":"closed","ping_status":"closed","template":"","meta":{"_acf_changed":false,"footnotes":""},"class_list":{"0":"post-87","1":"page","2":"type-page","3":"status-publish","5":"infinite-scroll-item"},"acf":[],"_links":{"self":[{"href":"https:\/\/cnt.cat\/cornella\/wp-json\/wp\/v2\/pages\/87","targetHints":{"allow":["GET"]}}],"collection":[{"href":"https:\/\/cnt.cat\/cornella\/wp-json\/wp\/v2\/pages"}],"about":[{"href":"https:\/\/cnt.cat\/cornella\/wp-json\/wp\/v2\/types\/page"}],"author":[{"embeddable":true,"href":"https:\/\/cnt.cat\/cornella\/wp-json\/wp\/v2\/users\/1"}],"replies":[{"embeddable":true,"href":"https:\/\/cnt.cat\/cornella\/wp-json\/wp\/v2\/comments?post=87"}],"version-history":[{"count":8,"href":"https:\/\/cnt.cat\/cornella\/wp-json\/wp\/v2\/pages\/87\/revisions"}],"predecessor-version":[{"id":829,"href":"https:\/\/cnt.cat\/cornella\/wp-json\/wp\/v2\/pages\/87\/revisions\/829"}],"wp:attachment":[{"href":"https:\/\/cnt.cat\/cornella\/wp-json\/wp\/v2\/media?parent=87"}],"curies":[{"name":"wp","href":"https:\/\/api.w.org\/{rel}","templated":true}]}}