{"id":25,"date":"2022-10-11T08:47:50","date_gmt":"2022-10-11T08:47:50","guid":{"rendered":"https:\/\/prjct.xyz\/plantilla\/?page_id=25"},"modified":"2023-12-13T07:27:59","modified_gmt":"2023-12-13T06:27:59","slug":"inici","status":"publish","type":"page","link":"https:\/\/cnt.cat\/manresa\/","title":{"rendered":"Inici"},"content":{"rendered":"<div class=\"gb-container gb-container-627b6349\"><div class=\"gb-inside-container\">\n<div class=\"gb-grid-wrapper gb-grid-wrapper-b7a25e97\">\n<div class=\"gb-grid-column gb-grid-column-7feb545f\"><div class=\"gb-container gb-container-7feb545f\"><div class=\"gb-inside-container\">\n<h3><p>La CNT de Manresa t\u00e9 un \u00e0mbit d&#8217;actuaci\u00f3 que va m\u00e9s enll\u00e0 de la comarca del Bages. Actualment el territori que cobreix el nostre sindicat va des de Vilafranca del Pened\u00e8s a Berga i des de Solsona a Moi\u00e0, cobrint les comarques de l&#8217;Alt Pened\u00e8s, l&#8217;Anoia, Bages, Bergued\u00e0, Solson\u00e8s i Moian\u00e8s.<\/p>\n<p>Oferim assessoria laboral gratu\u00efta a qualsevol treballador\/ra afiliat\/a i assessoria jur\u00eddica pels casos que el sindicat cregui convenients resoldre&#8217;n.<\/p>\n<p>Si necessites fer \u00fas de la mateixa has de sol\u00b7licitar cita pr\u00e8via a trav\u00e9s d\u2019aquests mitjans:<\/p>\n<ul class=\"wp-block-list\">\n<li>Per correu electr\u00f2nic: <em>manresa@cnt.es<\/em><\/li>\n<\/ul>\n<ul class=\"wp-block-list\">\n<li>Per missatgeria whatsapp al Tel\u00e8fon 607 21 04 28<\/li>\n<\/ul>\n<p>Tamb\u00e9 pots passar a veure\u2019ns pel local sindical (Horari d\u2019atenci\u00f3: dijous de 17 a 21 h.) i t\u2019assignarem la cita pr\u00e8via.<\/p>\n<p>Recorda tamb\u00e9 que la CNT \u00e9s una organitzaci\u00f3 que va molt m\u00e9s enll\u00e0 del pur \u00e0mbit laboral. Volem ser una organitzaci\u00f3 integral que s&#8217;encarregui de tota mena d&#8217;aspectes socials i comunitaris. Vine i participa-hi!<\/p>\n<p>Estem a la Pla\u00e7a de Catalunya, 9 &#8211; entresol 1\u00aa i 4\u00aa<\/p>\n<p>&nbsp;<\/p>\n<\/h3>\n<\/div><\/div><\/div>\n\n<div class=\"gb-grid-column gb-grid-column-be723cba\"><div class=\"gb-container gb-container-be723cba\"><div class=\"gb-inside-container\">\n\n<div class=\"gb-grid-wrapper gb-grid-wrapper-40784225 gb-query-loop-wrapper\">\n<div class=\"gb-grid-column gb-grid-column-f17db56b gb-query-loop-item post-1044 post type-post status-publish format-standard has-post-thumbnail hentry category-formacio category-sindical\"><div class=\"gb-container gb-container-f17db56b\"><div class=\"gb-inside-container\">\n<figure class=\"imatge-post-portada wp-block-post-featured-image\"><a href=\"https:\/\/cnt.cat\/manresa\/blog\/03\/02\/2026\/la-cnt-manresa-impulsa-un-curs-de-formacio-sobre-prevencio-de-riscos-laborals-i-psicosocials\/\" target=\"_self\"  ><img loading=\"lazy\" decoding=\"async\" width=\"1600\" height=\"1395\" src=\"https:\/\/cnt.cat\/manresa\/wp-content\/uploads\/sites\/26\/2026\/02\/WhatsApp-Image-2026-02-03-at-09.18.24.jpeg\" class=\"attachment-post-thumbnail size-post-thumbnail wp-post-image\" alt=\"La CNT Manresa impulsa un curs de formaci\u00f3 sobre prevenci\u00f3 de riscos laborals i psicosocials\" style=\"object-fit:cover;\" srcset=\"https:\/\/cnt.cat\/manresa\/wp-content\/uploads\/sites\/26\/2026\/02\/WhatsApp-Image-2026-02-03-at-09.18.24.jpeg 1600w, https:\/\/cnt.cat\/manresa\/wp-content\/uploads\/sites\/26\/2026\/02\/WhatsApp-Image-2026-02-03-at-09.18.24-300x262.jpeg 300w, https:\/\/cnt.cat\/manresa\/wp-content\/uploads\/sites\/26\/2026\/02\/WhatsApp-Image-2026-02-03-at-09.18.24-1024x893.jpeg 1024w, https:\/\/cnt.cat\/manresa\/wp-content\/uploads\/sites\/26\/2026\/02\/WhatsApp-Image-2026-02-03-at-09.18.24-768x670.jpeg 768w, https:\/\/cnt.cat\/manresa\/wp-content\/uploads\/sites\/26\/2026\/02\/WhatsApp-Image-2026-02-03-at-09.18.24-1536x1339.jpeg 1536w\" sizes=\"auto, (max-width: 1600px) 100vw, 1600px\" \/><\/a><\/figure>\n\n<p class=\"gb-headline gb-headline-c32faa2b gb-headline-text\"><time class=\"entry-date published\" datetime=\"2026-02-03T09:21:51+01:00\">3 de febrer de 2026<\/time><\/p>\n\n<h2 class=\"gb-headline gb-headline-a3e27b86 gb-headline-text\"><a href=\"https:\/\/cnt.cat\/manresa\/blog\/03\/02\/2026\/la-cnt-manresa-impulsa-un-curs-de-formacio-sobre-prevencio-de-riscos-laborals-i-psicosocials\/\">La CNT Manresa impulsa un curs de formaci\u00f3 sobre prevenci\u00f3 de riscos laborals i psicosocials<\/a><\/h2>\n\n<div class=\"gb-headline gb-headline-fe2b263b gb-headline-text\">Not\u00edcia apareguda a Naci\u00f3 Digital Manresa el 03 de febrer de 2026 La CNT Manresa organitza un curs de formaci\u00f3 &#8230; <a class=\"gb-dynamic-read-more\" href=\"https:\/\/cnt.cat\/manresa\/blog\/03\/02\/2026\/la-cnt-manresa-impulsa-un-curs-de-formacio-sobre-prevencio-de-riscos-laborals-i-psicosocials\/\" aria-label=\"More on La CNT Manresa impulsa un curs de formaci\u00f3 sobre prevenci\u00f3 de riscos laborals i psicosocials\">continua.<\/a><\/div>\n\n<div class=\"taxonomy-category wp-block-post-terms\"><span class=\"wp-block-post-terms__prefix\">Dins de: <\/span><a href=\"https:\/\/cnt.cat\/manresa\/blog\/categoria\/formacio\/\" rel=\"tag\">Formaci\u00f3<\/a><span class=\"wp-block-post-terms__separator\">, <\/span><a href=\"https:\/\/cnt.cat\/manresa\/blog\/categoria\/sindical\/\" rel=\"tag\">Sindical<\/a><\/div>\n<\/div><\/div><\/div>\n<\/div>\n\n<\/div><\/div><\/div>\n<\/div>\n<\/div><\/div>\n\n<div class=\"gb-container gb-container-da058423\"><div class=\"gb-inside-container\">\n\n<div class=\"gb-grid-wrapper gb-grid-wrapper-014ea604 gb-query-loop-wrapper\">\n<div class=\"gb-grid-column gb-grid-column-9fbf1cbe gb-query-loop-item post-1041 post type-post status-publish format-standard has-post-thumbnail hentry category-cultural category-memoria-historica\"><div class=\"gb-container gb-container-9fbf1cbe\"><div class=\"gb-inside-container\">\n<figure class=\"imatge-post-portada wp-block-post-featured-image\"><a href=\"https:\/\/cnt.cat\/manresa\/blog\/24\/01\/2026\/la-resistencia-obrera-contra-el-regim-a-80-anys-de-la-vaga-de-la-fabrica-nova\/\" target=\"_self\"  ><img loading=\"lazy\" decoding=\"async\" width=\"2560\" height=\"824\" src=\"https:\/\/cnt.cat\/manresa\/wp-content\/uploads\/sites\/26\/2026\/01\/FABRICA-NOVA-MANRESA.200-scaled-1.jpg\" class=\"attachment-post-thumbnail size-post-thumbnail wp-post-image\" alt=\"La resist\u00e8ncia obrera contra el r\u00e8gim. A 80 anys de la Vaga de la F\u00e0brica Nova\" style=\"object-fit:cover;\" srcset=\"https:\/\/cnt.cat\/manresa\/wp-content\/uploads\/sites\/26\/2026\/01\/FABRICA-NOVA-MANRESA.200-scaled-1.jpg 2560w, https:\/\/cnt.cat\/manresa\/wp-content\/uploads\/sites\/26\/2026\/01\/FABRICA-NOVA-MANRESA.200-scaled-1-300x97.jpg 300w, https:\/\/cnt.cat\/manresa\/wp-content\/uploads\/sites\/26\/2026\/01\/FABRICA-NOVA-MANRESA.200-scaled-1-1024x330.jpg 1024w, https:\/\/cnt.cat\/manresa\/wp-content\/uploads\/sites\/26\/2026\/01\/FABRICA-NOVA-MANRESA.200-scaled-1-768x247.jpg 768w, https:\/\/cnt.cat\/manresa\/wp-content\/uploads\/sites\/26\/2026\/01\/FABRICA-NOVA-MANRESA.200-scaled-1-1536x494.jpg 1536w, https:\/\/cnt.cat\/manresa\/wp-content\/uploads\/sites\/26\/2026\/01\/FABRICA-NOVA-MANRESA.200-scaled-1-2048x659.jpg 2048w\" sizes=\"auto, (max-width: 2560px) 100vw, 2560px\" \/><\/a><\/figure>\n\n<p class=\"gb-headline gb-headline-d3a09510 gb-headline-text\"><time class=\"entry-date published\" datetime=\"2026-01-24T17:48:24+01:00\">24 de gener de 2026<\/time><\/p>\n\n<h3 class=\"gb-headline gb-headline-3c74e171 gb-headline-text\"><a href=\"https:\/\/cnt.cat\/manresa\/blog\/24\/01\/2026\/la-resistencia-obrera-contra-el-regim-a-80-anys-de-la-vaga-de-la-fabrica-nova\/\">La resist\u00e8ncia obrera contra el r\u00e8gim. A 80 anys de la Vaga de la F\u00e0brica Nova<\/a><\/h3>\n\n<div class=\"gb-headline gb-headline-3733a387 gb-headline-text\">Miguel G. G\u00f3mez A les acaballes de la Segona Guerra Mundial, a Catalunya es confiava en una propera vict\u00f2ria alidada. &#8230; <a class=\"gb-dynamic-read-more\" href=\"https:\/\/cnt.cat\/manresa\/blog\/24\/01\/2026\/la-resistencia-obrera-contra-el-regim-a-80-anys-de-la-vaga-de-la-fabrica-nova\/\" aria-label=\"More on La resist\u00e8ncia obrera contra el r\u00e8gim. A 80 anys de la Vaga de la F\u00e0brica Nova\">continua.<\/a><\/div>\n\n<div class=\"taxonomy-category wp-block-post-terms\"><span class=\"wp-block-post-terms__prefix\">Dins de: <\/span><a href=\"https:\/\/cnt.cat\/manresa\/blog\/categoria\/cultural\/\" rel=\"tag\">Cultural<\/a><span class=\"wp-block-post-terms__separator\">, <\/span><a href=\"https:\/\/cnt.cat\/manresa\/blog\/categoria\/memoria-historica\/\" rel=\"tag\">Mem\u00f2ria Hist\u00f2rica<\/a><\/div>\n<\/div><\/div><\/div>\n\n<div class=\"gb-grid-column gb-grid-column-9fbf1cbe gb-query-loop-item post-1032 post type-post status-publish format-standard has-post-thumbnail hentry category-sindical\"><div class=\"gb-container gb-container-9fbf1cbe\"><div class=\"gb-inside-container\">\n<figure class=\"imatge-post-portada wp-block-post-featured-image\"><a href=\"https:\/\/cnt.cat\/manresa\/blog\/14\/01\/2026\/estar-informat-i-ben-assessorat-clau-per-a-sobreviure-en-el-mon-del-treball-avui\/\" target=\"_self\"  ><img loading=\"lazy\" decoding=\"async\" width=\"1024\" height=\"380\" src=\"https:\/\/cnt.cat\/manresa\/wp-content\/uploads\/sites\/26\/2026\/01\/Banner-web-01-1024x380-1.png\" class=\"attachment-post-thumbnail size-post-thumbnail wp-post-image\" alt=\"Estar informat i ben assessorat: clau per a sobreviure en el m\u00f3n del treball avui\" style=\"object-fit:cover;\" srcset=\"https:\/\/cnt.cat\/manresa\/wp-content\/uploads\/sites\/26\/2026\/01\/Banner-web-01-1024x380-1.png 1024w, https:\/\/cnt.cat\/manresa\/wp-content\/uploads\/sites\/26\/2026\/01\/Banner-web-01-1024x380-1-300x111.png 300w, https:\/\/cnt.cat\/manresa\/wp-content\/uploads\/sites\/26\/2026\/01\/Banner-web-01-1024x380-1-768x285.png 768w\" sizes=\"auto, (max-width: 1024px) 100vw, 1024px\" \/><\/a><\/figure>\n\n<p class=\"gb-headline gb-headline-d3a09510 gb-headline-text\"><time class=\"entry-date published\" datetime=\"2026-01-14T08:44:09+01:00\">14 de gener de 2026<\/time><\/p>\n\n<h3 class=\"gb-headline gb-headline-3c74e171 gb-headline-text\"><a href=\"https:\/\/cnt.cat\/manresa\/blog\/14\/01\/2026\/estar-informat-i-ben-assessorat-clau-per-a-sobreviure-en-el-mon-del-treball-avui\/\">Estar informat i ben assessorat: clau per a sobreviure en el m\u00f3n del treball avui<\/a><\/h3>\n\n<div class=\"gb-headline gb-headline-3733a387 gb-headline-text\">No ens enganyem, no hi ha f\u00f3rmules m\u00e0giques que solucionin els problemes i menys quan parlem de l\u2019explotaci\u00f3 laboral i &#8230; <a class=\"gb-dynamic-read-more\" href=\"https:\/\/cnt.cat\/manresa\/blog\/14\/01\/2026\/estar-informat-i-ben-assessorat-clau-per-a-sobreviure-en-el-mon-del-treball-avui\/\" aria-label=\"More on Estar informat i ben assessorat: clau per a sobreviure en el m\u00f3n del treball avui\">continua.<\/a><\/div>\n\n<div class=\"taxonomy-category wp-block-post-terms\"><span class=\"wp-block-post-terms__prefix\">Dins de: <\/span><a href=\"https:\/\/cnt.cat\/manresa\/blog\/categoria\/sindical\/\" rel=\"tag\">Sindical<\/a><\/div>\n<\/div><\/div><\/div>\n\n<div class=\"gb-grid-column gb-grid-column-9fbf1cbe gb-query-loop-item post-1019 post type-post status-publish format-standard has-post-thumbnail hentry category-comunicats\"><div class=\"gb-container gb-container-9fbf1cbe\"><div class=\"gb-inside-container\">\n<figure class=\"imatge-post-portada wp-block-post-featured-image\"><a href=\"https:\/\/cnt.cat\/manresa\/blog\/26\/11\/2025\/sobre-lintent-policial-de-sonsacar-nos-informacio\/\" target=\"_self\"  ><img loading=\"lazy\" decoding=\"async\" width=\"994\" height=\"625\" src=\"https:\/\/cnt.cat\/manresa\/wp-content\/uploads\/sites\/26\/2025\/11\/G6nnZkgW0AEhYRu.jpg\" class=\"attachment-post-thumbnail size-post-thumbnail wp-post-image\" alt=\"Sobre l&#8217;intent policial de sonsacar-nos informaci\u00f3\" style=\"object-fit:cover;\" srcset=\"https:\/\/cnt.cat\/manresa\/wp-content\/uploads\/sites\/26\/2025\/11\/G6nnZkgW0AEhYRu.jpg 994w, https:\/\/cnt.cat\/manresa\/wp-content\/uploads\/sites\/26\/2025\/11\/G6nnZkgW0AEhYRu-300x189.jpg 300w, https:\/\/cnt.cat\/manresa\/wp-content\/uploads\/sites\/26\/2025\/11\/G6nnZkgW0AEhYRu-768x483.jpg 768w\" sizes=\"auto, (max-width: 994px) 100vw, 994px\" \/><\/a><\/figure>\n\n<p class=\"gb-headline gb-headline-d3a09510 gb-headline-text\"><time class=\"entry-date published\" datetime=\"2025-11-26T08:40:41+01:00\">26 de novembre de 2025<\/time><\/p>\n\n<h3 class=\"gb-headline gb-headline-3c74e171 gb-headline-text\"><a href=\"https:\/\/cnt.cat\/manresa\/blog\/26\/11\/2025\/sobre-lintent-policial-de-sonsacar-nos-informacio\/\">Sobre l&#8217;intent policial de sonsacar-nos informaci\u00f3<\/a><\/h3>\n\n<div class=\"gb-headline gb-headline-3733a387 gb-headline-text\">Durant aquesta setmana estava prevista la comparenc\u00e8ncia d&#8217;un mosso implicat en la trama d&#8217;espionatge digital a organitzacions d&#8217;esquerres. El grup &#8230; <a class=\"gb-dynamic-read-more\" href=\"https:\/\/cnt.cat\/manresa\/blog\/26\/11\/2025\/sobre-lintent-policial-de-sonsacar-nos-informacio\/\" aria-label=\"More on Sobre l&#8217;intent policial de sonsacar-nos informaci\u00f3\">continua.<\/a><\/div>\n\n<div class=\"taxonomy-category wp-block-post-terms\"><span class=\"wp-block-post-terms__prefix\">Dins de: <\/span><a href=\"https:\/\/cnt.cat\/manresa\/blog\/categoria\/comunicats\/\" rel=\"tag\">Comunicats<\/a><\/div>\n<\/div><\/div><\/div>\n<\/div>\n\n<\/div><\/div>\n\n<div class=\"gb-grid-wrapper gb-grid-wrapper-ed752884\">\n<div class=\"gb-grid-column gb-grid-column-5659a30d\"><div class=\"gb-container gb-container-5659a30d\"><div class=\"gb-inside-container\">\n\n<h3 class=\"gb-headline gb-headline-ea9da9e3 gb-headline-text frase_ressaltada\">Gent solid\u00e0ria i no caritativa, perqu\u00e8 la nostra ajuda m\u00fatua promou la igualtat i no la depend\u00e8ncia.<\/h3>\n\n<\/div><\/div><\/div>\n\n<div class=\"gb-grid-column gb-grid-column-0e98db1b\"><div class=\"gb-container gb-container-0e98db1b\"><div class=\"gb-inside-container\">\n<div class=\"gb-button-wrapper gb-button-wrapper-0a798378\">\n\n<a class=\"gb-button gb-button-b9c31961 boto-gran\" href=\"\/afiliat\/\" target=\"_blank\" rel=\"noopener noreferrer\"><span class=\"gb-button-text\">Afilia&#8217;t<\/span><span class=\"gb-icon\"><svg id=\"uuid-7f792b26-b573-49b1-b6a5-fa6201c692b7\" xmlns=\"http:\/\/www.w3.org\/2000\/svg\" viewBox=\"0 0 22.96143 16.00732\"><path d=\"M20.69775,7.07764C15.90674,5.11914,13.65283,.05078,13.63037,0l-1.83496,.79443c.07996,.18524,1.59766,3.61926,4.8775,6.20898H0v2H16.67297c-3.27985,2.58984-4.79761,6.02417-4.87756,6.20898l1.83496,.79492c.02246-.05176,2.27637-5.11914,7.06738-7.07812l2.26367-.92578-2.26367-.92578Z\"><\/path><\/svg><\/span><\/a>\n\n<\/div>\n\n<div class=\"gb-button-wrapper gb-button-wrapper-fd4c1427\">\n\n<a class=\"gb-button gb-button-2bebd227 boto-gran\" href=\"\/que-es-la-cnt\/\" target=\"_blank\" rel=\"noopener noreferrer\"><span class=\"gb-button-text\">Qu\u00e8 \u00e9s la CNT<\/span><span class=\"gb-icon\"><svg viewBox=\"0 0 22.96143 16.00732\" xmlns=\"http:\/\/www.w3.org\/2000\/svg\" id=\"uuid-7f792b26-b573-49b1-b6a5-fa6201c692b7\"><path d=\"M20.69775,7.07764C15.90674,5.11914,13.65283,.05078,13.63037,0l-1.83496,.79443c.07996,.18524,1.59766,3.61926,4.8775,6.20898H0v2H16.67297c-3.27985,2.58984-4.79761,6.02417-4.87756,6.20898l1.83496,.79492c.02246-.05176,2.27637-5.11914,7.06738-7.07812l2.26367-.92578-2.26367-.92578Z\"><\/path><\/svg><\/span><\/a>\n\n<\/div>\n\n<div class=\"gb-button-wrapper gb-button-wrapper-44f0053d\">\n\n<a class=\"gb-button gb-button-4581d96f boto-gran\" href=\"\/on-som\/\" target=\"_blank\" rel=\"noopener noreferrer\"><span class=\"gb-button-text\">On som<\/span><span class=\"gb-icon\"><svg id=\"uuid-7f792b26-b573-49b1-b6a5-fa6201c692b7\" xmlns=\"http:\/\/www.w3.org\/2000\/svg\" viewBox=\"0 0 22.96143 16.00732\"><path d=\"M20.69775,7.07764C15.90674,5.11914,13.65283,.05078,13.63037,0l-1.83496,.79443c.07996,.18524,1.59766,3.61926,4.8775,6.20898H0v2H16.67297c-3.27985,2.58984-4.79761,6.02417-4.87756,6.20898l1.83496,.79492c.02246-.05176,2.27637-5.11914,7.06738-7.07812l2.26367-.92578-2.26367-.92578Z\"><\/path><\/svg><\/span><\/a>\n\n<\/div>\n<\/div><\/div><\/div>\n<\/div>","protected":false},"excerpt":{"rendered":"","protected":false},"author":1,"featured_media":0,"parent":0,"menu_order":0,"comment_status":"closed","ping_status":"closed","template":"","meta":{"_acf_changed":false,"footnotes":""},"class_list":{"0":"post-25","1":"page","2":"type-page","3":"status-publish","5":"infinite-scroll-item"},"acf":[],"_links":{"self":[{"href":"https:\/\/cnt.cat\/manresa\/wp-json\/wp\/v2\/pages\/25","targetHints":{"allow":["GET"]}}],"collection":[{"href":"https:\/\/cnt.cat\/manresa\/wp-json\/wp\/v2\/pages"}],"about":[{"href":"https:\/\/cnt.cat\/manresa\/wp-json\/wp\/v2\/types\/page"}],"author":[{"embeddable":true,"href":"https:\/\/cnt.cat\/manresa\/wp-json\/wp\/v2\/users\/1"}],"replies":[{"embeddable":true,"href":"https:\/\/cnt.cat\/manresa\/wp-json\/wp\/v2\/comments?post=25"}],"version-history":[{"count":110,"href":"https:\/\/cnt.cat\/manresa\/wp-json\/wp\/v2\/pages\/25\/revisions"}],"predecessor-version":[{"id":883,"href":"https:\/\/cnt.cat\/manresa\/wp-json\/wp\/v2\/pages\/25\/revisions\/883"}],"wp:attachment":[{"href":"https:\/\/cnt.cat\/manresa\/wp-json\/wp\/v2\/media?parent=25"}],"curies":[{"name":"wp","href":"https:\/\/api.w.org\/{rel}","templated":true}]}}