{"id":922,"date":"2024-11-01T22:37:38","date_gmt":"2024-11-01T21:37:38","guid":{"rendered":"https:\/\/cnt.cat\/manresa\/?page_id=922"},"modified":"2024-12-27T23:02:04","modified_gmt":"2024-12-27T22:02:04","slug":"avantatges-de-ser-de-la-cnt-manresa","status":"publish","type":"page","link":"https:\/\/cnt.cat\/manresa\/avantatges-de-ser-de-la-cnt-manresa\/","title":{"rendered":"Avantatges de ser de la CNT Manresa"},"content":{"rendered":"\n<p>Quan hi ha tanta precarietat laboral i tants fraus a les empreses; quan els salaris segueixen queient tant respecte al cost de la vida; quan els beneficis empresarials pugen tan descaradament, \u00e9s quan necessitem m\u00e9s que mai una alternativa sindical real al \u201csindicalisme de tripijocs\u201d i feble que hi ha a moltes empreses.<\/p>\n\n\n\n<p>No esperis a tenir problemes per a sindicar-te i buscar ajuda. Fes-ho ja per a poder treure partit dels avantatges que et dona pert\u00e0nyer a la CNT de L\u2019Hospitalet<\/p>\n\n\n\n<p><strong>Quan t&#8217;afilies a la CNT Manresa est\u00e0s enfortint la teva capacitat de defensa. Com?<\/strong><\/p>\n\n\n\n<ul class=\"wp-block-list\">\n<li>Tindr\u00e0s a la teva disposici\u00f3 l&#8217;assessoria laboral integral. L&#8217;equip d&#8217;acci\u00f3 sindical est\u00e0 format per companys i companyes amb l&#8217;experi\u00e8ncia necess\u00e0ria per a resoldre dubtes sobre la teva situaci\u00f3 laboral i per a aconsellar si necessites fer passos en concret per a arreglar algun problema. T&#8217;ajudarem redactant escrits, elaborant estrat\u00e8gies de negociaci\u00f3 i moltes m\u00e9s situacions quotidianes.<\/li>\n\n\n\n<li>Tindr\u00e0s acc\u00e9s a defensa jur\u00eddica en condicions molt avantatjoses. La teva quota et dona la possibilitat de tenir advocada si necessites fer reclamacions judicials. Nom\u00e9s necessites contactar amb el Sindicat per a posar en marxa la millor assessoria jur\u00eddica professional.<\/li>\n\n\n\n<li>En cas de conflicte laboral, tindr\u00e0s suport de l&#8217;afiliaci\u00f3. Persones amb els teus mateixos problemes i interessos, de manera que tindr\u00e0s m\u00e9s suport quan sigui necessari. Nom\u00e9s en col\u00b7lectiu som forts i aquesta for\u00e7a ens la dona la uni\u00f3.<\/li>\n\n\n\n<li>Tindr\u00e0s assessorament gratu\u00eft en q\u00fcestions d&#8217;estrangeria o si tens dubtes que vols aclarir.<\/li>\n\n\n\n<li>Tindr\u00e0s acc\u00e8s a cursos pels teus fills i filles, en cas de necessitar-ho, pel que fa a matem\u00e0tiques, f\u00edsica i qu\u00edmica. <\/li>\n\n\n\n<li>Podr\u00e0s organitzar-te en el teu centre de treball mitjan\u00e7ant una secci\u00f3 sindical perqu\u00e8 tu i els teus companys i companyes pugueu defensar i millorar les vostres condicions de treball. Aquesta eina \u00e9s fonamental per a demostrar for\u00e7a col\u00b7lectiva, que \u00e9s l&#8217;\u00fanica cosa que els empresaris respecten, perqu\u00e8 us haureu convertit en interlocutors directes amb l&#8217;empresa amb car\u00e0cter general legals.<\/li>\n\n\n\n<li>Formaci\u00f3 laboral b\u00e0sica i actualitzada, peri\u00f2dica, tant presencial com per via telem\u00e0tica si fa falta. Un element imprescindible per a sobreviure a les actuals relacions laborals.<\/li>\n\n\n\n<li>Contribueixes amb una petita part de la teva quota al sosteniment de la Fundaci\u00f3n Anselmo Lorenzo, que cuida i transmet la hist\u00f2ria de l&#8217;anarcosindicalisme i l&#8217;anarquisme, aix\u00ed com a l&#8217;edici\u00f3 trimestral del peri\u00f2dic CNT, l&#8217;\u00f2rgan de difusi\u00f3 de la Confederaci\u00f3.<\/li>\n\n\n\n<li>Contacte i informaci\u00f3 d&#8217;altres associacions i col\u00b7lectius de la ciutat que treballen problem\u00e0tiques socials concretes: habitatge, g\u00e8nere, cooperativisme, patrimoni, cultura i hist\u00f2ria de Manresa i de la seva comarca.<\/li>\n\n\n\n<li>I per descomptat, la quota sindical desgrava a l&#8217;hora de fer la declaraci\u00f3 de la renda.<\/li>\n<\/ul>\n\n\n\n<p>Necessitem un sindicat veritablement arrelat a la ciutat, que treballi amb el teixit associatiu, i que no busqui privilegis!<\/p>\n\n\n\n<p>Et necessitem a tu per a enfortir el projecte sindical que necessitem els treballadors i les treballadores de Manresa.<\/p>\n","protected":false},"excerpt":{"rendered":"<p>Quan hi ha tanta precarietat laboral i tants fraus a les empreses; quan els salaris segueixen queient tant respecte al cost de la vida; quan els beneficis empresarials pugen tan descaradament, \u00e9s quan necessitem m\u00e9s que mai una alternativa sindical &#8230; <a title=\"Avantatges de ser de la CNT Manresa\" class=\"read-more\" href=\"https:\/\/cnt.cat\/manresa\/avantatges-de-ser-de-la-cnt-manresa\/\" aria-label=\"M\u00e9s informaci\u00f3 sobre Avantatges de ser de la CNT Manresa\">Continua llegint<\/a><\/p>\n","protected":false},"author":1,"featured_media":0,"parent":0,"menu_order":3,"comment_status":"closed","ping_status":"closed","template":"","meta":{"_acf_changed":false,"footnotes":""},"class_list":{"0":"post-922","1":"page","2":"type-page","3":"status-publish","5":"infinite-scroll-item"},"acf":[],"_links":{"self":[{"href":"https:\/\/cnt.cat\/manresa\/wp-json\/wp\/v2\/pages\/922","targetHints":{"allow":["GET"]}}],"collection":[{"href":"https:\/\/cnt.cat\/manresa\/wp-json\/wp\/v2\/pages"}],"about":[{"href":"https:\/\/cnt.cat\/manresa\/wp-json\/wp\/v2\/types\/page"}],"author":[{"embeddable":true,"href":"https:\/\/cnt.cat\/manresa\/wp-json\/wp\/v2\/users\/1"}],"replies":[{"embeddable":true,"href":"https:\/\/cnt.cat\/manresa\/wp-json\/wp\/v2\/comments?post=922"}],"version-history":[{"count":1,"href":"https:\/\/cnt.cat\/manresa\/wp-json\/wp\/v2\/pages\/922\/revisions"}],"predecessor-version":[{"id":924,"href":"https:\/\/cnt.cat\/manresa\/wp-json\/wp\/v2\/pages\/922\/revisions\/924"}],"wp:attachment":[{"href":"https:\/\/cnt.cat\/manresa\/wp-json\/wp\/v2\/media?parent=922"}],"curies":[{"name":"wp","href":"https:\/\/api.w.org\/{rel}","templated":true}]}}