{"id":50,"date":"2022-10-11T10:08:51","date_gmt":"2022-10-11T10:08:51","guid":{"rendered":"https:\/\/cnt.cat\/terrassa\/?page_id=50"},"modified":"2024-01-17T10:29:28","modified_gmt":"2024-01-17T09:29:28","slug":"on-som","status":"publish","type":"page","link":"https:\/\/cnt.cat\/terrassa\/on-som\/","title":{"rendered":"On som"},"content":{"rendered":"<div class=\"gb-container gb-container-eb78346d\"><div class=\"gb-inside-container\">\n<div class=\"gb-grid-wrapper gb-grid-wrapper-ac85df85\">\n<div class=\"gb-grid-column gb-grid-column-5a5af7a9\"><div class=\"gb-container gb-container-5a5af7a9\"><div class=\"gb-inside-container\">\n\n<h3 class=\"gb-headline gb-headline-eb4af0cf gb-headline-text\">Aqu\u00ed, amb tu. Descobreix la xarxa de sindicats de la CNT a Catalunya i Balears. Som m\u00e9s a prop del que penses!<\/h3>\n\n<\/div><\/div><\/div>\n\n<div class=\"gb-grid-column gb-grid-column-0304bf80\"><div class=\"gb-container gb-container-0304bf80\"><div class=\"gb-inside-container\">\n\n<p>Benvinguda a la guia de sindicats de la CNT a Catalunya i Balears. Des de grans ciutats fins a petites localitats, la CNT est\u00e0 arrelada a la comunitat, defensant els drets dels treballadors i les treballadores i construint una societat lliure i justa. Fes clic als marcadors per obtenir la informaci\u00f3 de contacte de cada sindicat. Vine a veure\u2019ns i suma\u2019t a la lluita per un futur de solidaritat i autogesti\u00f3!<\/p>\n\n<\/div><\/div><\/div>\n<\/div>\n<\/div><\/div>\n\n<div class=\"gb-container gb-container-229bbafa\"><div class=\"gb-inside-container\">\n<div class=\"gb-container gb-container-e8bab54c\">\n<div style=\"height:636px\" class=\"wp-block-cnt-syndicate-map\" data-center-lat=\"40.822123575169\" data-center-lng=\"2.8839111328125\" data-zoom=\"7\"><\/div>\n<\/div>\n<\/div><\/div>\n\n<div class=\"gb-container gb-container-0d6bb226\">\n<div class=\"gb-grid-wrapper gb-grid-wrapper-e304f28f\">\n<div class=\"gb-grid-column gb-grid-column-95ba3d0b\"><div class=\"gb-container gb-container-95ba3d0b\"><div class=\"gb-inside-container\">\n\n<h3 class=\"gb-headline gb-headline-633640a9 gb-headline-text\"><strong>Teixint connexions: les coordinadores de sector de la CNT Catalunya-Balears<\/strong><\/h3>\n\n<\/div><\/div><\/div>\n\n<div class=\"gb-grid-column gb-grid-column-dc6acceb\"><div class=\"gb-container gb-container-dc6acceb\"><div class=\"gb-inside-container\">\n\n<p>Aprofundeix en la diversitat de lluites i causes que impulsen la CNT a trav\u00e9s de les coordinadores de sector a la nostra regi\u00f3. Coneix les \u00e0rees espec\u00edfiques de comprom\u00eds i acci\u00f3 que abra\u00e7a la CNT a trav\u00e9s de les seves coordinadores, cadascuna dedicada a forjar canvis significatius en els seus respectius \u00e0mbits. Descobreix com estem transformant el futur col\u00b7lectivament, sector per sector.<\/p>\n\n<\/div><\/div><\/div>\n<\/div>\n\n<div class=\"gb-container gb-container-e025a585\">\n\n<div class=\"gb-grid-wrapper gb-grid-wrapper-721a32a7 gb-query-loop-wrapper\">\n<div class=\"gb-grid-column gb-grid-column-1ca69199 gb-query-loop-item post-793 coordinator type-coordinator status-publish hentry\"><div class=\"gb-container gb-container-1ca69199\">\n<h2 class=\"gb-headline gb-headline-62643158\"><span class=\"gb-icon\"><svg viewbox=\"0 0 22.96143 16.00732\" xmlns=\"http:\/\/www.w3.org\/2000\/svg\" id=\"uuid-7f792b26-b573-49b1-b6a5-fa6201c692b7\"><path d=\"M20.69775,7.07764C15.90674,5.11914,13.65283,.05078,13.63037,0l-1.83496,.79443c.07996,.18524,1.59766,3.61926,4.8775,6.20898H0v2H16.67297c-3.27985,2.58984-4.79761,6.02417-4.87756,6.20898l1.83496,.79492c.02246-.05176,2.27637-5.11914,7.06738-7.07812l2.26367-.92578-2.26367-.92578Z\"><\/path><\/svg><\/span><span class=\"gb-headline-text\"><a href=\"https:\/\/cnt.cat\/terrassa\/ensenyament\">Secci\u00f3 Sindical del Departament d&#8217;Ensenyament &#8211; Gencat<\/a><\/span><\/h2>\n\n<div class=\"gb-headline gb-headline-22e78fbf gb-headline-text\">Secci\u00f3 sindical de la CNT al Departament d&#8217;Ensenyament de la Generalitat de Catalunya\ncontacta amb nostraltes a: ensenyament@cnt.cat\/terrassa<\/div>\n<\/div><\/div>\n\n<div class=\"gb-grid-column gb-grid-column-1ca69199 gb-query-loop-item post-794 coordinator type-coordinator status-publish hentry\"><div class=\"gb-container gb-container-1ca69199\">\n<h2 class=\"gb-headline gb-headline-62643158\"><span class=\"gb-icon\"><svg viewbox=\"0 0 22.96143 16.00732\" xmlns=\"http:\/\/www.w3.org\/2000\/svg\" id=\"uuid-7f792b26-b573-49b1-b6a5-fa6201c692b7\"><path d=\"M20.69775,7.07764C15.90674,5.11914,13.65283,.05078,13.63037,0l-1.83496,.79443c.07996,.18524,1.59766,3.61926,4.8775,6.20898H0v2H16.67297c-3.27985,2.58984-4.79761,6.02417-4.87756,6.20898l1.83496,.79492c.02246-.05176,2.27637-5.11914,7.06738-7.07812l2.26367-.92578-2.26367-.92578Z\"><\/path><\/svg><\/span><span class=\"gb-headline-text\"><a href=\"https:\/\/cnt.cat\/terrassa\/intervencio-social\">Coordinadora d&#8217;Intervenci\u00f3 Social<\/a><\/span><\/h2>\n\n<div class=\"gb-headline gb-headline-22e78fbf gb-headline-text\">Si treballes a algun centre del tercer sector o de la intervenci\u00f3 social, a la CNT tenim una coordinadora de ram on s\u2019organitza l\u2019afiliaci\u00f3 d\u2019aquest sector.\nPer contactar-hi escriu a intervenciosocial@granollers.cnt.es o acosta\u2019t als nostres locals en els horaris d\u2019obertura.\nSi treballes al sector de la Intervenci\u00f3 Social, CNT \u00e9s el teu sindicat: afilia\u2019t!<\/div>\n<\/div><\/div>\n\n<div class=\"gb-grid-column gb-grid-column-1ca69199 gb-query-loop-item post-795 coordinator type-coordinator status-publish hentry\"><div class=\"gb-container gb-container-1ca69199\">\n<h2 class=\"gb-headline gb-headline-62643158\"><span class=\"gb-icon\"><svg viewbox=\"0 0 22.96143 16.00732\" xmlns=\"http:\/\/www.w3.org\/2000\/svg\" id=\"uuid-7f792b26-b573-49b1-b6a5-fa6201c692b7\"><path d=\"M20.69775,7.07764C15.90674,5.11914,13.65283,.05078,13.63037,0l-1.83496,.79443c.07996,.18524,1.59766,3.61926,4.8775,6.20898H0v2H16.67297c-3.27985,2.58984-4.79761,6.02417-4.87756,6.20898l1.83496,.79492c.02246-.05176,2.27637-5.11914,7.06738-7.07812l2.26367-.92578-2.26367-.92578Z\"><\/path><\/svg><\/span><span class=\"gb-headline-text\"><a href=\"https:\/\/cnt.cat\/terrassa\/industria-alimentacio-construccio\">Coordinadora d&#8217;Ind\u00fastria, Alimentaci\u00f3 i Construcci\u00f3<\/a><\/span><\/h2>\n\n<div class=\"gb-headline gb-headline-22e78fbf gb-headline-text\">Sector industrial. Amb la Coordinadora d&#8217;Ind\u00fastria, Alimentaci\u00f3 i Construcci\u00f3 de la FL Granollers\nhttps:\/\/granollers.cnt.es\/industria-i-construccio\/<\/div>\n<\/div><\/div>\n\n<div class=\"gb-grid-column gb-grid-column-1ca69199 gb-query-loop-item post-796 coordinator type-coordinator status-publish hentry\"><div class=\"gb-container gb-container-1ca69199\">\n<h2 class=\"gb-headline gb-headline-62643158\"><span class=\"gb-icon\"><svg viewbox=\"0 0 22.96143 16.00732\" xmlns=\"http:\/\/www.w3.org\/2000\/svg\" id=\"uuid-7f792b26-b573-49b1-b6a5-fa6201c692b7\"><path d=\"M20.69775,7.07764C15.90674,5.11914,13.65283,.05078,13.63037,0l-1.83496,.79443c.07996,.18524,1.59766,3.61926,4.8775,6.20898H0v2H16.67297c-3.27985,2.58984-4.79761,6.02417-4.87756,6.20898l1.83496,.79492c.02246-.05176,2.27637-5.11914,7.06738-7.07812l2.26367-.92578-2.26367-.92578Z\"><\/path><\/svg><\/span><span class=\"gb-headline-text\"><a href=\"https:\/\/cnt.cat\/terrassa\/sector-aeri\">Coordinadora del Sector Aeri<\/a><\/span><\/h2>\n\n<div class=\"gb-headline gb-headline-22e78fbf gb-headline-text\">El sector aeri agrupa totes les empreses vinculades amb l&#8217;aeroport d&#8217;El Prat\nhttps:\/\/www.facebook.com\/CNTAeri<\/div>\n<\/div><\/div>\n\n<div class=\"gb-grid-column gb-grid-column-1ca69199 gb-query-loop-item post-797 coordinator type-coordinator status-publish hentry\"><div class=\"gb-container gb-container-1ca69199\">\n<h2 class=\"gb-headline gb-headline-62643158\"><span class=\"gb-icon\"><svg viewbox=\"0 0 22.96143 16.00732\" xmlns=\"http:\/\/www.w3.org\/2000\/svg\" id=\"uuid-7f792b26-b573-49b1-b6a5-fa6201c692b7\"><path d=\"M20.69775,7.07764C15.90674,5.11914,13.65283,.05078,13.63037,0l-1.83496,.79443c.07996,.18524,1.59766,3.61926,4.8775,6.20898H0v2H16.67297c-3.27985,2.58984-4.79761,6.02417-4.87756,6.20898l1.83496,.79492c.02246-.05176,2.27637-5.11914,7.06738-7.07812l2.26367-.92578-2.26367-.92578Z\"><\/path><\/svg><\/span><span class=\"gb-headline-text\"><a href=\"https:\/\/cnt.cat\/terrassa\/arts-esceniques\">Coordinadora d&#8217;Arts Esc\u00e8niques<\/a><\/span><\/h2>\n\n<div class=\"gb-headline gb-headline-22e78fbf gb-headline-text\">Contacta amb la Coordinadora Provincial ( de Barcelona ) d&#8217;Arts Esc\u00e8niques de la CNT a arts.esceniques@hospitalet.cnt.es<\/div>\n<\/div><\/div>\n\n<div class=\"gb-grid-column gb-grid-column-1ca69199 gb-query-loop-item post-798 coordinator type-coordinator status-publish hentry\"><div class=\"gb-container gb-container-1ca69199\">\n<h2 class=\"gb-headline gb-headline-62643158\"><span class=\"gb-icon\"><svg viewbox=\"0 0 22.96143 16.00732\" xmlns=\"http:\/\/www.w3.org\/2000\/svg\" id=\"uuid-7f792b26-b573-49b1-b6a5-fa6201c692b7\"><path d=\"M20.69775,7.07764C15.90674,5.11914,13.65283,.05078,13.63037,0l-1.83496,.79443c.07996,.18524,1.59766,3.61926,4.8775,6.20898H0v2H16.67297c-3.27985,2.58984-4.79761,6.02417-4.87756,6.20898l1.83496,.79492c.02246-.05176,2.27637-5.11914,7.06738-7.07812l2.26367-.92578-2.26367-.92578Z\"><\/path><\/svg><\/span><span class=\"gb-headline-text\"><a href=\"https:\/\/cnt.cat\/terrassa\/pensionistes\">Coordinadora de Pensionistes<\/a><\/span><\/h2>\n\n<div class=\"gb-headline gb-headline-22e78fbf gb-headline-text\">Coordinadora de Pensionistes de la CNT<\/div>\n<\/div><\/div>\n\n<div class=\"gb-grid-column gb-grid-column-1ca69199 gb-query-loop-item post-799 coordinator type-coordinator status-publish hentry\"><div class=\"gb-container gb-container-1ca69199\">\n<h2 class=\"gb-headline gb-headline-62643158\"><span class=\"gb-icon\"><svg viewbox=\"0 0 22.96143 16.00732\" xmlns=\"http:\/\/www.w3.org\/2000\/svg\" id=\"uuid-7f792b26-b573-49b1-b6a5-fa6201c692b7\"><path d=\"M20.69775,7.07764C15.90674,5.11914,13.65283,.05078,13.63037,0l-1.83496,.79443c.07996,.18524,1.59766,3.61926,4.8775,6.20898H0v2H16.67297c-3.27985,2.58984-4.79761,6.02417-4.87756,6.20898l1.83496,.79492c.02246-.05176,2.27637-5.11914,7.06738-7.07812l2.26367-.92578-2.26367-.92578Z\"><\/path><\/svg><\/span><span class=\"gb-headline-text\"><a href=\"https:\/\/cnt.cat\/terrassa\/correos\">Secci\u00f3 Sindical de Correos<\/a><\/span><\/h2>\n\n<div class=\"gb-headline gb-headline-22e78fbf gb-headline-text\">Secci\u00f3 sindical de l&#8217;empresa Correos \nhttps:\/\/www.facebook.com\/seecioncorreoscnt<\/div>\n<\/div><\/div>\n\n<div class=\"gb-grid-column gb-grid-column-1ca69199 gb-query-loop-item post-942 coordinator type-coordinator status-publish hentry\"><div class=\"gb-container gb-container-1ca69199\">\n<h2 class=\"gb-headline gb-headline-62643158\"><span class=\"gb-icon\"><svg viewbox=\"0 0 22.96143 16.00732\" xmlns=\"http:\/\/www.w3.org\/2000\/svg\" id=\"uuid-7f792b26-b573-49b1-b6a5-fa6201c692b7\"><path d=\"M20.69775,7.07764C15.90674,5.11914,13.65283,.05078,13.63037,0l-1.83496,.79443c.07996,.18524,1.59766,3.61926,4.8775,6.20898H0v2H16.67297c-3.27985,2.58984-4.79761,6.02417-4.87756,6.20898l1.83496,.79492c.02246-.05176,2.27637-5.11914,7.06738-7.07812l2.26367-.92578-2.26367-.92578Z\"><\/path><\/svg><\/span><span class=\"gb-headline-text\">Administracions P\u00fabliques<\/span><\/h2>\n\n<div class=\"gb-headline gb-headline-22e78fbf gb-headline-text\">Si treballes per la Generalitat de Catalunya et pots posar en contacte amb nosaltres amb el correu aapp@catalunya.cnt.es\nDe la mateixa manera, si treballes per la Diputaci\u00f3 o ajuntament, et pots adre\u00e7ar a la CNT m\u00e9s propera<\/div>\n<\/div><\/div>\n<\/div>\n\n<\/div>\n<\/div>\n\n<div class=\"gb-grid-wrapper gb-grid-wrapper-ed752884\">\n<div class=\"gb-grid-column gb-grid-column-5659a30d\"><div class=\"gb-container gb-container-5659a30d\"><div class=\"gb-inside-container\">\n\n<h3 class=\"gb-headline gb-headline-ea9da9e3 gb-headline-text frase_ressaltada\">Un sindicat efica\u00e7, solidari, combatiu, participatiu i independent.<br>Tot all\u00f2 que molts voldrien ser.<\/h3>\n\n<\/div><\/div><\/div>\n\n<div class=\"gb-grid-column gb-grid-column-0e98db1b\"><div class=\"gb-container gb-container-0e98db1b\"><div class=\"gb-inside-container\">\n<div class=\"gb-button-wrapper gb-button-wrapper-0a798378\">\n\n<a class=\"gb-button gb-button-b9c31961 boto-gran\" href=\"\/afiliat\/\"><span class=\"gb-button-text\">Afilia&#8217;t<\/span><span class=\"gb-icon\"><svg id=\"uuid-7f792b26-b573-49b1-b6a5-fa6201c692b7\" xmlns=\"http:\/\/www.w3.org\/2000\/svg\" viewBox=\"0 0 22.96143 16.00732\"><path d=\"M20.69775,7.07764C15.90674,5.11914,13.65283,.05078,13.63037,0l-1.83496,.79443c.07996,.18524,1.59766,3.61926,4.8775,6.20898H0v2H16.67297c-3.27985,2.58984-4.79761,6.02417-4.87756,6.20898l1.83496,.79492c.02246-.05176,2.27637-5.11914,7.06738-7.07812l2.26367-.92578-2.26367-.92578Z\"><\/path><\/svg><\/span><\/a>\n\n<\/div>\n\n<div class=\"gb-button-wrapper gb-button-wrapper-fd4c1427\">\n\n<a class=\"gb-button gb-button-2bebd227 boto-gran\" href=\"\/que-es-la-cnt\/\"><span class=\"gb-button-text\">Qu\u00e8 \u00e9s la CNT<\/span><span class=\"gb-icon\"><svg viewBox=\"0 0 22.96143 16.00732\" xmlns=\"http:\/\/www.w3.org\/2000\/svg\" id=\"uuid-7f792b26-b573-49b1-b6a5-fa6201c692b7\"><path d=\"M20.69775,7.07764C15.90674,5.11914,13.65283,.05078,13.63037,0l-1.83496,.79443c.07996,.18524,1.59766,3.61926,4.8775,6.20898H0v2H16.67297c-3.27985,2.58984-4.79761,6.02417-4.87756,6.20898l1.83496,.79492c.02246-.05176,2.27637-5.11914,7.06738-7.07812l2.26367-.92578-2.26367-.92578Z\"><\/path><\/svg><\/span><\/a>\n\n<\/div>\n<\/div><\/div><\/div>\n<\/div>","protected":false},"excerpt":{"rendered":"","protected":false},"author":1,"featured_media":0,"parent":0,"menu_order":0,"comment_status":"closed","ping_status":"closed","template":"","meta":{"_acf_changed":false,"footnotes":""},"class_list":{"0":"post-50","1":"page","2":"type-page","3":"status-publish","5":"infinite-scroll-item"},"acf":[],"_links":{"self":[{"href":"https:\/\/cnt.cat\/terrassa\/wp-json\/wp\/v2\/pages\/50","targetHints":{"allow":["GET"]}}],"collection":[{"href":"https:\/\/cnt.cat\/terrassa\/wp-json\/wp\/v2\/pages"}],"about":[{"href":"https:\/\/cnt.cat\/terrassa\/wp-json\/wp\/v2\/types\/page"}],"author":[{"embeddable":true,"href":"https:\/\/cnt.cat\/terrassa\/wp-json\/wp\/v2\/users\/1"}],"replies":[{"embeddable":true,"href":"https:\/\/cnt.cat\/terrassa\/wp-json\/wp\/v2\/comments?post=50"}],"version-history":[{"count":62,"href":"https:\/\/cnt.cat\/terrassa\/wp-json\/wp\/v2\/pages\/50\/revisions"}],"predecessor-version":[{"id":883,"href":"https:\/\/cnt.cat\/terrassa\/wp-json\/wp\/v2\/pages\/50\/revisions\/883"}],"wp:attachment":[{"href":"https:\/\/cnt.cat\/terrassa\/wp-json\/wp\/v2\/media?parent=50"}],"curies":[{"name":"wp","href":"https:\/\/api.w.org\/{rel}","templated":true}]}}